{"id":24,"date":"2019-08-20T16:06:58","date_gmt":"2019-08-20T14:06:58","guid":{"rendered":"http:\/\/lecanardbienelevedumascane.com\/?page_id=24"},"modified":"2022-08-24T18:42:24","modified_gmt":"2022-08-24T16:42:24","slug":"notre-ferme","status":"publish","type":"page","link":"https:\/\/lecanardbienelevedumascane.com\/index.php\/notre-ferme\/","title":{"rendered":"Notre ferme"},"content":{"rendered":"\n<p>Au c\u0153ur de for\u00eats de ch\u00eanes li\u00e8ges et de ch\u00eanes verts, notre ferme familiale isol\u00e9e se m\u00e9rite au bout d&rsquo;un long chemin sinueux : les Hautes-Aspres secr\u00e8tes vous accueillent. Notre \u00e9levage du Mas Can\u00e9 est extensif : dans de grands parcs ombrag\u00e9s, les canetons mulards une fois adultes sont engraiss\u00e9s \u00e0 la ferme au ma\u00efs entier, puis cuisin\u00e9s \u00e0 la ferme dans une conserverie avec agr\u00e9ment CEE. L&rsquo;alimentation est totalement non OGM et garantie sans m\u00e9dicament. La dur\u00e9e d&rsquo;\u00e9levage de plusieurs mois en plein air commence avec les canetons d&rsquo;un jour. Nous avons choisi une souche de canards mulards lourds pour la finesse de foie gras et sa bonne chair ; les canetons sont n\u00e9s en France, l&rsquo; alimentation est produite en France, le ma\u00efs en grains \u00e9galement : nous vous proposons des produits fermiers de qualit\u00e9 gastronomique.<\/p>\n\n\n\n<figure class=\"wp-block-gallery has-nested-images columns-default is-cropped wp-block-gallery-1 is-layout-flex wp-block-gallery-is-layout-flex\">\n<figure class=\"wp-block-image\"><img loading=\"lazy\" decoding=\"async\" width=\"768\" height=\"1024\" data-id=\"887\" src=\"https:\/\/lecanardbienelevedumascane.com\/wp-content\/uploads\/2019\/09\/20180422_152849-e1569839247668-768x1024.jpg\" alt=\"\u00e9levage de canard plein aire\" class=\"wp-image-887\" srcset=\"https:\/\/lecanardbienelevedumascane.com\/wp-content\/uploads\/2019\/09\/20180422_152849-e1569839247668-768x1024.jpg 768w, https:\/\/lecanardbienelevedumascane.com\/wp-content\/uploads\/2019\/09\/20180422_152849-e1569839247668-225x300.jpg 225w, https:\/\/lecanardbienelevedumascane.com\/wp-content\/uploads\/2019\/09\/20180422_152849-e1569839247668-416x555.jpg 416w\" sizes=\"auto, (max-width: 768px) 100vw, 768px\" \/><\/figure>\n\n\n\n<figure class=\"wp-block-image\"><img loading=\"lazy\" decoding=\"async\" width=\"768\" height=\"1024\" data-id=\"886\" src=\"https:\/\/lecanardbienelevedumascane.com\/wp-content\/uploads\/2019\/09\/\u00e9levage-tr\u00e8s-vert-2018-avril-768x1024.jpg\" alt=\"producteur de foie gras\" class=\"wp-image-886\" srcset=\"https:\/\/lecanardbienelevedumascane.com\/wp-content\/uploads\/2019\/09\/\u00e9levage-tr\u00e8s-vert-2018-avril-768x1024.jpg 768w, https:\/\/lecanardbienelevedumascane.com\/wp-content\/uploads\/2019\/09\/\u00e9levage-tr\u00e8s-vert-2018-avril-225x300.jpg 225w, https:\/\/lecanardbienelevedumascane.com\/wp-content\/uploads\/2019\/09\/\u00e9levage-tr\u00e8s-vert-2018-avril-416x555.jpg 416w\" sizes=\"auto, (max-width: 768px) 100vw, 768px\" \/><\/figure>\n\n\n\n<figure class=\"wp-block-image\"><img loading=\"lazy\" decoding=\"async\" width=\"1024\" height=\"685\" data-id=\"45\" src=\"https:\/\/lecanardbienelevedumascane.com\/wp-content\/uploads\/2019\/08\/aspres-oms-mas-cane-hd3-1024x685.jpg\" alt=\"gavage de canard\" class=\"wp-image-45\" srcset=\"https:\/\/lecanardbienelevedumascane.com\/wp-content\/uploads\/2019\/08\/aspres-oms-mas-cane-hd3-1024x685.jpg 1024w, https:\/\/lecanardbienelevedumascane.com\/wp-content\/uploads\/2019\/08\/aspres-oms-mas-cane-hd3-300x201.jpg 300w, https:\/\/lecanardbienelevedumascane.com\/wp-content\/uploads\/2019\/08\/aspres-oms-mas-cane-hd3-768x513.jpg 768w, https:\/\/lecanardbienelevedumascane.com\/wp-content\/uploads\/2019\/08\/aspres-oms-mas-cane-hd3-416x278.jpg 416w, https:\/\/lecanardbienelevedumascane.com\/wp-content\/uploads\/2019\/08\/aspres-oms-mas-cane-hd3.jpg 1050w\" sizes=\"auto, (max-width: 1024px) 100vw, 1024px\" \/><\/figure>\n\n\n\n<figure class=\"wp-block-image\"><img loading=\"lazy\" decoding=\"async\" width=\"1024\" height=\"983\" data-id=\"1011\" src=\"https:\/\/lecanardbienelevedumascane.com\/wp-content\/uploads\/2019\/09\/WP_20170613_15_43_25_Pro-2-1024x983.jpg\" alt=\"\u00e9levage de dinde\" class=\"wp-image-1011\" srcset=\"https:\/\/lecanardbienelevedumascane.com\/wp-content\/uploads\/2019\/09\/WP_20170613_15_43_25_Pro-2-1024x983.jpg 1024w, https:\/\/lecanardbienelevedumascane.com\/wp-content\/uploads\/2019\/09\/WP_20170613_15_43_25_Pro-2-300x288.jpg 300w, https:\/\/lecanardbienelevedumascane.com\/wp-content\/uploads\/2019\/09\/WP_20170613_15_43_25_Pro-2-768x737.jpg 768w, https:\/\/lecanardbienelevedumascane.com\/wp-content\/uploads\/2019\/09\/WP_20170613_15_43_25_Pro-2-416x399.jpg 416w, https:\/\/lecanardbienelevedumascane.com\/wp-content\/uploads\/2019\/09\/WP_20170613_15_43_25_Pro-2.jpg 1821w\" sizes=\"auto, (max-width: 1024px) 100vw, 1024px\" \/><\/figure>\n\n\n\n<figure class=\"wp-block-image\"><img loading=\"lazy\" decoding=\"async\" width=\"1024\" height=\"507\" data-id=\"1010\" src=\"https:\/\/lecanardbienelevedumascane.com\/wp-content\/uploads\/2019\/09\/WP_20170618_11_39_44_Pro-2-1024x507.jpg\" alt=\"cannetons pour foie gras\" class=\"wp-image-1010\" srcset=\"https:\/\/lecanardbienelevedumascane.com\/wp-content\/uploads\/2019\/09\/WP_20170618_11_39_44_Pro-2-1024x507.jpg 1024w, https:\/\/lecanardbienelevedumascane.com\/wp-content\/uploads\/2019\/09\/WP_20170618_11_39_44_Pro-2-300x148.jpg 300w, https:\/\/lecanardbienelevedumascane.com\/wp-content\/uploads\/2019\/09\/WP_20170618_11_39_44_Pro-2-768x380.jpg 768w, https:\/\/lecanardbienelevedumascane.com\/wp-content\/uploads\/2019\/09\/WP_20170618_11_39_44_Pro-2-416x206.jpg 416w, https:\/\/lecanardbienelevedumascane.com\/wp-content\/uploads\/2019\/09\/WP_20170618_11_39_44_Pro-2.jpg 1566w\" sizes=\"auto, (max-width: 1024px) 100vw, 1024px\" \/><\/figure>\n\n\n\n<figure class=\"wp-block-image\"><img loading=\"lazy\" decoding=\"async\" width=\"1024\" height=\"577\" data-id=\"1008\" src=\"https:\/\/lecanardbienelevedumascane.com\/wp-content\/uploads\/2019\/09\/WP_20170627_16_06_24_Pro-1024x577.jpg\" alt=\"divers foie gras\" class=\"wp-image-1008\" srcset=\"https:\/\/lecanardbienelevedumascane.com\/wp-content\/uploads\/2019\/09\/WP_20170627_16_06_24_Pro-1024x577.jpg 1024w, https:\/\/lecanardbienelevedumascane.com\/wp-content\/uploads\/2019\/09\/WP_20170627_16_06_24_Pro-300x169.jpg 300w, https:\/\/lecanardbienelevedumascane.com\/wp-content\/uploads\/2019\/09\/WP_20170627_16_06_24_Pro-768x433.jpg 768w, https:\/\/lecanardbienelevedumascane.com\/wp-content\/uploads\/2019\/09\/WP_20170627_16_06_24_Pro-416x235.jpg 416w\" sizes=\"auto, (max-width: 1024px) 100vw, 1024px\" \/><\/figure>\n\n\n\n<figure class=\"wp-block-image\"><img loading=\"lazy\" decoding=\"async\" width=\"577\" height=\"1024\" data-id=\"1007\" src=\"https:\/\/lecanardbienelevedumascane.com\/wp-content\/uploads\/2019\/09\/WP_20170725_10_17_35_Pro-e1569849644148-577x1024.jpg\" alt=\"foie gras plein aire\" class=\"wp-image-1007\" srcset=\"https:\/\/lecanardbienelevedumascane.com\/wp-content\/uploads\/2019\/09\/WP_20170725_10_17_35_Pro-e1569849644148-577x1024.jpg 577w, https:\/\/lecanardbienelevedumascane.com\/wp-content\/uploads\/2019\/09\/WP_20170725_10_17_35_Pro-e1569849644148-169x300.jpg 169w, https:\/\/lecanardbienelevedumascane.com\/wp-content\/uploads\/2019\/09\/WP_20170725_10_17_35_Pro-e1569849644148-768x1362.jpg 768w, https:\/\/lecanardbienelevedumascane.com\/wp-content\/uploads\/2019\/09\/WP_20170725_10_17_35_Pro-e1569849644148-416x738.jpg 416w, https:\/\/lecanardbienelevedumascane.com\/wp-content\/uploads\/2019\/09\/WP_20170725_10_17_35_Pro-e1569849644148.jpg 1840w\" sizes=\"auto, (max-width: 577px) 100vw, 577px\" \/><\/figure>\n\n\n\n<figure class=\"wp-block-image\"><img loading=\"lazy\" decoding=\"async\" width=\"659\" height=\"659\" data-id=\"1019\" src=\"https:\/\/lecanardbienelevedumascane.com\/wp-content\/uploads\/2019\/09\/WP_20170409_12_32_01_Pro-2.jpg\" alt=\"\u00e9levages de poulets plein aire\" class=\"wp-image-1019\" srcset=\"https:\/\/lecanardbienelevedumascane.com\/wp-content\/uploads\/2019\/09\/WP_20170409_12_32_01_Pro-2.jpg 659w, https:\/\/lecanardbienelevedumascane.com\/wp-content\/uploads\/2019\/09\/WP_20170409_12_32_01_Pro-2-150x150.jpg 150w, https:\/\/lecanardbienelevedumascane.com\/wp-content\/uploads\/2019\/09\/WP_20170409_12_32_01_Pro-2-300x300.jpg 300w, https:\/\/lecanardbienelevedumascane.com\/wp-content\/uploads\/2019\/09\/WP_20170409_12_32_01_Pro-2-324x324.jpg 324w, https:\/\/lecanardbienelevedumascane.com\/wp-content\/uploads\/2019\/09\/WP_20170409_12_32_01_Pro-2-416x416.jpg 416w, https:\/\/lecanardbienelevedumascane.com\/wp-content\/uploads\/2019\/09\/WP_20170409_12_32_01_Pro-2-100x100.jpg 100w\" sizes=\"auto, (max-width: 659px) 100vw, 659px\" \/><\/figure>\n\n\n\n<figure class=\"wp-block-image\"><img loading=\"lazy\" decoding=\"async\" width=\"1024\" height=\"575\" data-id=\"999\" src=\"https:\/\/lecanardbienelevedumascane.com\/wp-content\/uploads\/2019\/09\/WP_20190709_12_23_55_Pro_LI-e1569849704346-1024x575.jpg\" alt=\"productrice de foie gras\" class=\"wp-image-999\" srcset=\"https:\/\/lecanardbienelevedumascane.com\/wp-content\/uploads\/2019\/09\/WP_20190709_12_23_55_Pro_LI-e1569849704346-1024x575.jpg 1024w, https:\/\/lecanardbienelevedumascane.com\/wp-content\/uploads\/2019\/09\/WP_20190709_12_23_55_Pro_LI-e1569849704346-300x169.jpg 300w, https:\/\/lecanardbienelevedumascane.com\/wp-content\/uploads\/2019\/09\/WP_20190709_12_23_55_Pro_LI-e1569849704346-768x431.jpg 768w, https:\/\/lecanardbienelevedumascane.com\/wp-content\/uploads\/2019\/09\/WP_20190709_12_23_55_Pro_LI-e1569849704346-416x234.jpg 416w\" sizes=\"auto, (max-width: 1024px) 100vw, 1024px\" \/><\/figure>\n\n\n\n<figure class=\"wp-block-image\"><img loading=\"lazy\" decoding=\"async\" width=\"245\" height=\"214\" data-id=\"883\" src=\"https:\/\/lecanardbienelevedumascane.com\/wp-content\/uploads\/2019\/09\/claude-et-caneton.jpg\" alt=\"canard mulard \u00e0 foie gras\" class=\"wp-image-883\"\/><\/figure>\n\n\n\n<figure class=\"wp-block-image\"><img loading=\"lazy\" decoding=\"async\" width=\"575\" height=\"1024\" data-id=\"872\" src=\"https:\/\/lecanardbienelevedumascane.com\/wp-content\/uploads\/2019\/09\/IMG_20160719_085405-575x1024.jpg\" alt=\"canard plein aire\" class=\"wp-image-872\" srcset=\"https:\/\/lecanardbienelevedumascane.com\/wp-content\/uploads\/2019\/09\/IMG_20160719_085405-575x1024.jpg 575w, https:\/\/lecanardbienelevedumascane.com\/wp-content\/uploads\/2019\/09\/IMG_20160719_085405-168x300.jpg 168w, https:\/\/lecanardbienelevedumascane.com\/wp-content\/uploads\/2019\/09\/IMG_20160719_085405-768x1368.jpg 768w, https:\/\/lecanardbienelevedumascane.com\/wp-content\/uploads\/2019\/09\/IMG_20160719_085405-416x741.jpg 416w\" sizes=\"auto, (max-width: 575px) 100vw, 575px\" \/><\/figure>\n\n\n\n<figure class=\"wp-block-image\"><img loading=\"lazy\" decoding=\"async\" width=\"1002\" height=\"810\" data-id=\"868\" src=\"https:\/\/lecanardbienelevedumascane.com\/wp-content\/uploads\/2019\/09\/poulets-cous-nus-mas-cane.jpg\" alt=\"\u00e9levage de poulet plein aire\" class=\"wp-image-868\" srcset=\"https:\/\/lecanardbienelevedumascane.com\/wp-content\/uploads\/2019\/09\/poulets-cous-nus-mas-cane.jpg 1002w, https:\/\/lecanardbienelevedumascane.com\/wp-content\/uploads\/2019\/09\/poulets-cous-nus-mas-cane-300x243.jpg 300w, https:\/\/lecanardbienelevedumascane.com\/wp-content\/uploads\/2019\/09\/poulets-cous-nus-mas-cane-768x621.jpg 768w, https:\/\/lecanardbienelevedumascane.com\/wp-content\/uploads\/2019\/09\/poulets-cous-nus-mas-cane-416x336.jpg 416w\" sizes=\"auto, (max-width: 1002px) 100vw, 1002px\" \/><\/figure>\n<\/figure>\n\n\n\n<p><\/p>\n","protected":false},"excerpt":{"rendered":"<p>Au c\u0153ur de for\u00eats de ch\u00eanes li\u00e8ges et de ch\u00eanes verts, notre ferme familiale isol\u00e9e se m\u00e9rite au bout d&rsquo;un long chemin sinueux : les Hautes-Aspres secr\u00e8tes vous accueillent. Notre \u00e9levage du Mas Can\u00e9 est extensif : dans de grands parcs ombrag\u00e9s, les canetons mulards une fois adultes sont engraiss\u00e9s \u00e0 la ferme au ma\u00efs [&hellip;]<\/p>\n","protected":false},"author":1,"featured_media":0,"parent":0,"menu_order":0,"comment_status":"closed","ping_status":"closed","template":"","meta":{"footnotes":""},"class_list":["post-24","page","type-page","status-publish","hentry"],"jetpack_sharing_enabled":true,"_links":{"self":[{"href":"https:\/\/lecanardbienelevedumascane.com\/index.php\/wp-json\/wp\/v2\/pages\/24","targetHints":{"allow":["GET"]}}],"collection":[{"href":"https:\/\/lecanardbienelevedumascane.com\/index.php\/wp-json\/wp\/v2\/pages"}],"about":[{"href":"https:\/\/lecanardbienelevedumascane.com\/index.php\/wp-json\/wp\/v2\/types\/page"}],"author":[{"embeddable":true,"href":"https:\/\/lecanardbienelevedumascane.com\/index.php\/wp-json\/wp\/v2\/users\/1"}],"replies":[{"embeddable":true,"href":"https:\/\/lecanardbienelevedumascane.com\/index.php\/wp-json\/wp\/v2\/comments?post=24"}],"version-history":[{"count":16,"href":"https:\/\/lecanardbienelevedumascane.com\/index.php\/wp-json\/wp\/v2\/pages\/24\/revisions"}],"predecessor-version":[{"id":6330,"href":"https:\/\/lecanardbienelevedumascane.com\/index.php\/wp-json\/wp\/v2\/pages\/24\/revisions\/6330"}],"wp:attachment":[{"href":"https:\/\/lecanardbienelevedumascane.com\/index.php\/wp-json\/wp\/v2\/media?parent=24"}],"curies":[{"name":"wp","href":"https:\/\/api.w.org\/{rel}","templated":true}]}}