

{"id":26,"date":"2019-08-20T16:07:32","date_gmt":"2019-08-20T14:07:32","guid":{"rendered":"http:\/\/lecanardbienelevedumascane.com\/?page_id=26"},"modified":"2025-10-16T09:36:05","modified_gmt":"2025-10-16T07:36:05","slug":"nous-trouver","status":"publish","type":"page","link":"https:\/\/lecanardbienelevedumascane.com\/index.php\/nous-trouver\/","title":{"rendered":"Nous trouver"},"content":{"rendered":"\n<p><strong>Mas Can\u00e9<\/strong><\/p>\n\n\n\n<p>11, cami de La Calcine<\/p>\n\n\n\n<p>66400 OMS<\/p>\n\n\n\n<p>Ouvert du lundi au vendredi de 10 h \u00e0 16 h (ferm\u00e9 en janvier et les fins de semaine)<\/p>\n\n\n\n\n        <div id=\"map_ol3js_1\"\n       class=\"osm-map-container undefined\"\n             data-map_name=\"undefined\"\n             data-map=\"map_ol3js_1\"\n             data-autoshow=\"no\"\n             style=\"width:95%;\n                    max-width:100%;\n                    height:450px;\n                    display:block;\n                    overflow:hidden;\n                    border:thin solid;\">\n          <div id=\"map_ol3js_1_popup\" class=\"ol-popup\">\n            <a href=\"#\" id=\"map_ol3js_1_popup-closer\" class=\"ol-popup-closer\"><\/a>\n            <div id=\"map_ol3js_1_popup-content\"><\/div>\n          <\/div>\n        <\/div>\n    \n\n\t\t\t\t<script type=\"text\/javascript\">\n          translations['openlayer'] = \"open layer\";\n          translations['openlayerAtStartup'] = \"open layer at startup\";\n          translations['generateLink'] = \"link to this map with opened layers\";\n          translations['shortDescription'] = \"short description\";\n          translations['generatedShortCode'] = \"to get a text control link paste this code in your wordpress editor\";\n          translations['closeLayer'] = \"close layer\";\n          translations['cantGenerateLink'] = \"put this string in the existing map short code to control this map\";\n\t\t\t  <\/script>\n\n\n\t\t\t  <script type=\"text\/javascript\">\n\t\t\t  vectorM['map_ol3js_1'] = [];\n\t        \n        var raster = getTileLayer(\"\",\"NoKey\");\t\t\t\n\n\t\t\t  var map_ol3js_1 = new ol.Map({\n\t\t\t\tinteractions: ol.interaction.defaults.defaults({mouseWheelZoom:false}),\n\t\t\t\tlayers: [raster],\n\t\t\t\ttarget: \"map_ol3js_1\",\n\t\t\t\tview: new ol.View({\n\t\t\t\t  center: ol.proj.transform([2.6900,42.5515], \"EPSG:4326\", \"EPSG:3857\"),\n\t\t\t\t  zoom: 15\n\t\t\t\t})\n\t\t\t  });\n\t\t\t  osm_addMarkerLayer(map_ol3js_1,2.69,42.5515,\"https:\/\/lecanardbienelevedumascane.com\/wp-content\/plugins\/osm\/icons\/mic_blue_empty_01.png\",-16,-41,\"<p><\/p>\") ; \naddControls2Map(map_ol3js_1,0,0,3,0,5,6,7,0,1);\nosm_addPopupClickhandler(map_ol3js_1,  \"map_ol3js_1\"); \nosm_addMouseHover(map_ol3js_1); <\/script>\n\n\n\n<figure class=\"wp-block-image size-large is-resized\"><img loading=\"lazy\" decoding=\"async\" width=\"1024\" height=\"486\" src=\"https:\/\/lecanardbienelevedumascane.com\/wp-content\/uploads\/2021\/09\/versocassecrouteprospectus-1024x486.jpg\" alt=\"\" class=\"wp-image-5929\" style=\"width:356px;height:169px\" srcset=\"https:\/\/lecanardbienelevedumascane.com\/wp-content\/uploads\/2021\/09\/versocassecrouteprospectus-1024x486.jpg 1024w, https:\/\/lecanardbienelevedumascane.com\/wp-content\/uploads\/2021\/09\/versocassecrouteprospectus-300x142.jpg 300w, https:\/\/lecanardbienelevedumascane.com\/wp-content\/uploads\/2021\/09\/versocassecrouteprospectus-768x365.jpg 768w, https:\/\/lecanardbienelevedumascane.com\/wp-content\/uploads\/2021\/09\/versocassecrouteprospectus-416x198.jpg 416w, https:\/\/lecanardbienelevedumascane.com\/wp-content\/uploads\/2021\/09\/versocassecrouteprospectus.jpg 1234w\" sizes=\"auto, (max-width: 1024px) 100vw, 1024px\" \/><\/figure>\n\n\n\n<h2 class=\"wp-block-heading\">Nos march\u00e9s<\/h2>\n\n\n\n<ul class=\"wp-block-list\">\n<li>Le samedi matin \u00e0 Thuir<\/li>\n\n\n\n<li>Le samedi matin \u00e0 C\u00e9ret<\/li>\n\n\n\n<li>1 dimanche matin par mois \u00e0 Collioure<\/li>\n\n\n\n<li>Pour les autres \u00e9v\u00e8nements consulter la page <a href=\"https:\/\/lecanardbienelevedumascane.com\/index.php\/nos-actualites\/\">nos actualit\u00e9s<\/a><\/li>\n<\/ul>\n\n\n\n<h2 class=\"wp-block-heading\">Notre march\u00e9 d&rsquo;\u00e9t\u00e9<\/h2>\n\n\n\n<ul class=\"wp-block-list\">\n<li>Le mardi au Monastir del Camp \u00e0 Passa  : jusque mi-septembre seulement !<\/li>\n\n\n\n<li><\/li>\n<\/ul>\n\n\n\n<figure class=\"wp-block-image size-full\"><img loading=\"lazy\" decoding=\"async\" width=\"214\" height=\"321\" src=\"https:\/\/lecanardbienelevedumascane.com\/wp-content\/uploads\/2021\/09\/image004.jpg\" alt=\"\" class=\"wp-image-5933\" srcset=\"https:\/\/lecanardbienelevedumascane.com\/wp-content\/uploads\/2021\/09\/image004.jpg 214w, https:\/\/lecanardbienelevedumascane.com\/wp-content\/uploads\/2021\/09\/image004-200x300.jpg 200w\" sizes=\"auto, (max-width: 214px) 100vw, 214px\" \/><\/figure>\n\n\n\n<h2 class=\"wp-block-heading\">Notre boutique de producteurs<\/h2>\n\n\n\n<p>Retrouvez l&rsquo;int\u00e9gralit\u00e9 de notre gamme fermi\u00e8re \u00e0 la boutique <a aria-label=\" (s\u2019ouvre dans un nouvel onglet)\" href=\"http:\/\/www.ohdelicespaysans.fr\/articles-2\/2-69-le-canard-bien-eleve-du-mas-cane\/\" target=\"_blank\" rel=\"noreferrer noopener\">Oh! D\u00e9lices Paysans<\/a>, 8 avenue de Vienne 66270 Le Soler.<\/p>\n\n\n<div class=\"wp-block-image\">\n<figure class=\"aligncenter size-large is-resized\"><img loading=\"lazy\" decoding=\"async\" width=\"1024\" height=\"576\" src=\"https:\/\/lecanardbienelevedumascane.com\/wp-content\/uploads\/2019\/11\/boutique-coquelicots-facade-e1573123062208-1024x576.jpg\" alt=\"\" class=\"wp-image-1963\" style=\"width:361px;height:203px\" srcset=\"https:\/\/lecanardbienelevedumascane.com\/wp-content\/uploads\/2019\/11\/boutique-coquelicots-facade-e1573123062208-1024x576.jpg 1024w, https:\/\/lecanardbienelevedumascane.com\/wp-content\/uploads\/2019\/11\/boutique-coquelicots-facade-e1573123062208-300x169.jpg 300w, https:\/\/lecanardbienelevedumascane.com\/wp-content\/uploads\/2019\/11\/boutique-coquelicots-facade-e1573123062208-768x432.jpg 768w, https:\/\/lecanardbienelevedumascane.com\/wp-content\/uploads\/2019\/11\/boutique-coquelicots-facade-e1573123062208-416x234.jpg 416w\" sizes=\"auto, (max-width: 1024px) 100vw, 1024px\" \/><figcaption class=\"wp-element-caption\">La nouvelle fa\u00e7ade avec les coquelicots des \u00ab\u00a0Boutiques Paysannes\u00a0\u00bb<\/figcaption><\/figure>\n<\/div>\n\n\n<div class=\"wp-block-columns has-2-columns is-layout-flex wp-container-core-columns-is-layout-28f84493 wp-block-columns-is-layout-flex\">\n<div class=\"wp-block-column is-layout-flow wp-block-column-is-layout-flow\"><div class=\"wp-block-image\">\n<figure class=\"aligncenter size-medium\"><img loading=\"lazy\" decoding=\"async\" width=\"169\" height=\"300\" src=\"https:\/\/lecanardbienelevedumascane.com\/wp-content\/uploads\/2019\/11\/coin-vin-biere-BP-avec-Cathy-e1573123167331-169x300.jpg\" alt=\"\" class=\"wp-image-1964\" srcset=\"https:\/\/lecanardbienelevedumascane.com\/wp-content\/uploads\/2019\/11\/coin-vin-biere-BP-avec-Cathy-e1573123167331-169x300.jpg 169w, https:\/\/lecanardbienelevedumascane.com\/wp-content\/uploads\/2019\/11\/coin-vin-biere-BP-avec-Cathy-e1573123167331-768x1365.jpg 768w, https:\/\/lecanardbienelevedumascane.com\/wp-content\/uploads\/2019\/11\/coin-vin-biere-BP-avec-Cathy-e1573123167331-576x1024.jpg 576w, https:\/\/lecanardbienelevedumascane.com\/wp-content\/uploads\/2019\/11\/coin-vin-biere-BP-avec-Cathy-e1573123167331-416x740.jpg 416w\" sizes=\"auto, (max-width: 169px) 100vw, 169px\" \/><figcaption class=\"wp-element-caption\">Le nouvel int\u00e9rieur plus moderne et lumineux<\/figcaption><\/figure>\n<\/div><\/div>\n\n\n\n<div class=\"wp-block-column is-layout-flow wp-block-column-is-layout-flow\"><div class=\"wp-block-image\">\n<figure class=\"aligncenter size-medium\"><img loading=\"lazy\" decoding=\"async\" width=\"234\" height=\"300\" src=\"https:\/\/lecanardbienelevedumascane.com\/wp-content\/uploads\/2019\/09\/plan-oh-234x300.jpg\" alt=\"\" class=\"wp-image-765\" srcset=\"https:\/\/lecanardbienelevedumascane.com\/wp-content\/uploads\/2019\/09\/plan-oh-234x300.jpg 234w, https:\/\/lecanardbienelevedumascane.com\/wp-content\/uploads\/2019\/09\/plan-oh.jpg 277w\" sizes=\"auto, (max-width: 234px) 100vw, 234px\" \/><\/figure>\n<\/div><\/div>\n<\/div>\n\n\n\n<h2 class=\"wp-block-heading\">Nos boutiques partenaires<\/h2>\n\n\n\n<ul class=\"wp-block-list\">\n<li>Le Panier Gourmand, 1 Boulevard Mar\u00e9chal Joffre &#8211; 66400 C\u00e9ret : avec une petite partie de la gamme<\/li>\n\n\n\n<li>Les Caves Byrrh \u00e0 Thuir : avec une petite partie de la gamme<\/li>\n\n\n\n<li>L&rsquo;Empreinte Catalane \u00e0 Thuir : avec une petite partie de la gamme<\/li>\n<\/ul>\n\n\n\n<p>Ponctuellement des restaurants : Le Mama ( Hotel des roches brunes) \u00e0 Collioure en 2025<\/p>\n","protected":false},"excerpt":{"rendered":"<p>Mas Can\u00e9 11, cami de La Calcine 66400 OMS Ouvert du lundi au vendredi de 10 h \u00e0 16 h (ferm\u00e9 en janvier et les fins de semaine) Nos march\u00e9s Notre march\u00e9 d&rsquo;\u00e9t\u00e9 Notre boutique de producteurs Retrouvez l&rsquo;int\u00e9gralit\u00e9 de notre gamme fermi\u00e8re \u00e0 la boutique Oh! D\u00e9lices Paysans, 8 avenue de Vienne 66270 Le [&hellip;]<\/p>\n","protected":false},"author":1,"featured_media":0,"parent":0,"menu_order":0,"comment_status":"closed","ping_status":"closed","template":"","meta":{"footnotes":""},"class_list":["post-26","page","type-page","status-publish","hentry"],"jetpack_sharing_enabled":true,"_links":{"self":[{"href":"https:\/\/lecanardbienelevedumascane.com\/index.php\/wp-json\/wp\/v2\/pages\/26","targetHints":{"allow":["GET"]}}],"collection":[{"href":"https:\/\/lecanardbienelevedumascane.com\/index.php\/wp-json\/wp\/v2\/pages"}],"about":[{"href":"https:\/\/lecanardbienelevedumascane.com\/index.php\/wp-json\/wp\/v2\/types\/page"}],"author":[{"embeddable":true,"href":"https:\/\/lecanardbienelevedumascane.com\/index.php\/wp-json\/wp\/v2\/users\/1"}],"replies":[{"embeddable":true,"href":"https:\/\/lecanardbienelevedumascane.com\/index.php\/wp-json\/wp\/v2\/comments?post=26"}],"version-history":[{"count":30,"href":"https:\/\/lecanardbienelevedumascane.com\/index.php\/wp-json\/wp\/v2\/pages\/26\/revisions"}],"predecessor-version":[{"id":7222,"href":"https:\/\/lecanardbienelevedumascane.com\/index.php\/wp-json\/wp\/v2\/pages\/26\/revisions\/7222"}],"wp:attachment":[{"href":"https:\/\/lecanardbienelevedumascane.com\/index.php\/wp-json\/wp\/v2\/media?parent=26"}],"curies":[{"name":"wp","href":"https:\/\/api.w.org\/{rel}","templated":true}]}}