{"id":581,"date":"2019-09-15T16:36:08","date_gmt":"2019-09-15T14:36:08","guid":{"rendered":"https:\/\/lecanardbienelevedumascane.com\/?page_id=581"},"modified":"2025-10-31T17:18:34","modified_gmt":"2025-10-31T16:18:34","slug":"nos-produits","status":"publish","type":"page","link":"https:\/\/lecanardbienelevedumascane.com\/index.php\/nos-produits\/","title":{"rendered":"Nos produits : enti\u00e8rement cr\u00e9\u00e9s au Mas Can\u00e9"},"content":{"rendered":"\n<p><strong>2 gammes de produits sont pr\u00e9par\u00e9es cette ann\u00e9e au Mas Can\u00e9 par Eve :<\/strong> <\/p>\n\n\n\n<p>Les volailles , canards gras gav\u00e9s par Eve, et canards de barbarie \u00e9lev\u00e9s depuis leur arriv\u00e9e en petits poussins ou canetons , qui grandissent, grossissent au Mas Can\u00e9, puis sont plum\u00e9s, d\u00e9coup\u00e9s et cuisin\u00e9s au Mas Can\u00e9.<\/p>\n\n\n\n<p>Les canards gras \u00e9lev\u00e9s et gav\u00e9s dans des fermes du sud-ouest ,  qui sont d\u00e9coup\u00e9s et cuisin\u00e9s au Mas Can\u00e9. Ce sont toujours nos recettes, notre fa\u00e7on de les pr\u00e9parer et les accommoder, notre cuisson en autoclave ou au four, en sous-vide ou s\u00e9ch\u00e9, nos assaisonnements et sauces, nos \u00e9pices , pour que vous retrouviez le go\u00fbt le plus proche possible de nos conserves de toujours m\u00eame \u00e9lev\u00e9es dans d&rsquo;autres fermes.<\/p>\n\n\n\n<div class=\"wp-block-columns is-layout-flex wp-container-core-columns-is-layout-28f84493 wp-block-columns-is-layout-flex\">\n<div class=\"wp-block-column is-layout-flow wp-block-column-is-layout-flow\" style=\"flex-basis:100%\">\n<figure class=\"wp-block-gallery has-nested-images columns-default is-cropped wp-block-gallery-1 is-layout-flex wp-block-gallery-is-layout-flex\">\n<figure class=\"wp-block-image size-large\"><a href=\"https:\/\/lecanardbienelevedumascane.com\/index.php\/categorie-produit\/gammefermiere\/\"><img loading=\"lazy\" decoding=\"async\" width=\"288\" height=\"352\" data-id=\"6890\" src=\"https:\/\/lecanardbienelevedumascane.com\/wp-content\/uploads\/2024\/10\/logo-lcbedmc-1.png\" alt=\"\" class=\"wp-image-6890\"\/><\/a><\/figure>\n\n\n\n<figure class=\"wp-block-image size-full\"><a href=\"https:\/\/lecanardbienelevedumascane.com\/index.php\/categorie-produit\/gammeartisanale\"><img loading=\"lazy\" decoding=\"async\" width=\"2560\" height=\"2517\" data-id=\"7137\" src=\"https:\/\/lecanardbienelevedumascane.com\/wp-content\/uploads\/2024\/10\/logo-sans-texte-scaled.jpg\" alt=\"\" class=\"wp-image-7137\" srcset=\"https:\/\/lecanardbienelevedumascane.com\/wp-content\/uploads\/2024\/10\/logo-sans-texte-scaled.jpg 2560w, https:\/\/lecanardbienelevedumascane.com\/wp-content\/uploads\/2024\/10\/logo-sans-texte-300x295.jpg 300w, https:\/\/lecanardbienelevedumascane.com\/wp-content\/uploads\/2024\/10\/logo-sans-texte-1024x1007.jpg 1024w, https:\/\/lecanardbienelevedumascane.com\/wp-content\/uploads\/2024\/10\/logo-sans-texte-768x755.jpg 768w, https:\/\/lecanardbienelevedumascane.com\/wp-content\/uploads\/2024\/10\/logo-sans-texte-1536x1510.jpg 1536w, https:\/\/lecanardbienelevedumascane.com\/wp-content\/uploads\/2024\/10\/logo-sans-texte-2048x2014.jpg 2048w, https:\/\/lecanardbienelevedumascane.com\/wp-content\/uploads\/2024\/10\/logo-sans-texte-416x409.jpg 416w\" sizes=\"auto, (max-width: 2560px) 100vw, 2560px\" \/><\/a><\/figure>\n<\/figure>\n<\/div>\n<\/div>\n\n\n\n<div class=\"wp-block-buttons is-content-justification-space-between is-layout-flex wp-container-core-buttons-is-layout-b2891da8 wp-block-buttons-is-layout-flex\">\n<div class=\"wp-block-button\"><a class=\"wp-block-button__link has-text-color has-background wp-element-button\" href=\"https:\/\/lecanardbienelevedumascane.com\/index.php\/categorie-produit\/gammefermiere\/\" style=\"color:#fff9f9;background-color:#008080\">Le canard bien \u00e9lev\u00e9 du Mas Can\u00e9 gamme fermi\u00e8re <\/a><\/div>\n\n\n\n<div class=\"wp-block-button\"><a class=\"wp-block-button__link has-text-color has-background wp-element-button\" href=\"https:\/\/lecanardbienelevedumascane.com\/index.php\/categorie-produit\/gammeartisanale\/\" style=\"color:#fff9f9;background-color:#008080\">Savoir-faire Mas Can\u00e9 gamme artisanale <\/a><\/div>\n<\/div>\n\n\n\n<div class=\"wp-block-buttons is-content-justification-center is-layout-flex wp-container-core-buttons-is-layout-a89b3969 wp-block-buttons-is-layout-flex\">\n<div class=\"wp-block-button\"><a class=\"wp-block-button__link has-text-color has-background has-text-align-center wp-element-button\" href=\"https:\/\/lecanardbienelevedumascane.com\/index.php\/boutique\/\" style=\"color:#fff9f9;background-color:#008080\">Tous nos produits<\/a><\/div>\n<\/div>\n\n\n\n<div class=\"wp-block-buttons is-content-justification-center is-layout-flex wp-container-core-buttons-is-layout-a89b3969 wp-block-buttons-is-layout-flex\">\n<div class=\"wp-block-button\"><a class=\"wp-block-button__link wp-element-button\">Les 2 gammes fermi\u00e8res et artisanales sont commercialis\u00e9es sur nos march\u00e9s  et certaines foires .<\/a><\/div>\n\n\n\n<div class=\"wp-block-button\"><a class=\"wp-block-button__link wp-element-button\">Sur les foires au gras , \u00e0 la boutique paysanne Oh! D\u00e9lices Paysans seule la gamme fermi\u00e8re est pr\u00e9sente<\/a><\/div>\n\n\n\n<div class=\"wp-block-button\"><a class=\"wp-block-button__link wp-element-button\">Nous livrons les commandes des 2 gammes sur nos march\u00e9s habituels Thuir et C\u00e9ret et \u00e0 la boutique paysanne Oh! D\u00e9lices Paysans. <\/a><\/div>\n\n\n\n<div class=\"wp-block-button\"><a class=\"wp-block-button__link wp-element-button\">Pensez \u00e0 commander les produits que vous souhaitez acheter svp.<\/a><\/div>\n<\/div>\n\n\n\n<p>Seules les conserves sont exp\u00e9di\u00e9es.<\/p>\n\n\n\n<p>Les volailles enti\u00e8res ou d\u00e9coup\u00e9es fra\u00eeches : chapon, canard de barbarie, poulet cou nu, dinde noire, bronz\u00e9e ou blanche, se vendent exclusivement dans les P.O.<\/p>\n\n\n\n<p>Veuillez passer votre commande par mail, <strong>mas-cane@orange.fr <\/strong>,texto, ou t\u00e9l\u00e9phone <strong>06.26.91.19.24<\/strong>, commandez sur le site.<\/p>\n\n\n\n<p> Merci de r\u00e9server.<\/p>\n\n\n\n<div data-wp-interactive=\"core\/file\" class=\"wp-block-file\"><object data-wp-bind--hidden=\"!state.hasPdfPreview\" hidden class=\"wp-block-file__embed\" data=\"https:\/\/lecanardbienelevedumascane.com\/wp-content\/uploads\/2025\/10\/TARIF-MAS-CANE-automne-2025-1.pdf\" type=\"application\/pdf\" style=\"width:100%;height:600px\" aria-label=\"Contenu embarqu\u00e9 TARIF MAS CANE automne 2025.\"><\/object><a id=\"wp-block-file--media-59c14dfb-6a39-4b60-94ac-7e68bc54ec54\" href=\"https:\/\/lecanardbienelevedumascane.com\/wp-content\/uploads\/2025\/10\/TARIF-MAS-CANE-automne-2025-1.pdf\">TARIF MAS CANE automne 2025<\/a><a href=\"https:\/\/lecanardbienelevedumascane.com\/wp-content\/uploads\/2025\/10\/TARIF-MAS-CANE-automne-2025-1.pdf\" class=\"wp-block-file__button wp-element-button\" download aria-describedby=\"wp-block-file--media-59c14dfb-6a39-4b60-94ac-7e68bc54ec54\">T\u00e9l\u00e9charger<\/a><\/div>\n","protected":false},"excerpt":{"rendered":"<p>2 gammes de produits sont pr\u00e9par\u00e9es cette ann\u00e9e au Mas Can\u00e9 par Eve : Les volailles , canards gras gav\u00e9s par Eve, et canards de barbarie \u00e9lev\u00e9s depuis leur arriv\u00e9e en petits poussins ou canetons , qui grandissent, grossissent au Mas Can\u00e9, puis sont plum\u00e9s, d\u00e9coup\u00e9s et cuisin\u00e9s au Mas Can\u00e9. Les canards gras \u00e9lev\u00e9s [&hellip;]<\/p>\n","protected":false},"author":1,"featured_media":0,"parent":0,"menu_order":0,"comment_status":"closed","ping_status":"closed","template":"","meta":{"footnotes":""},"class_list":["post-581","page","type-page","status-publish","hentry"],"jetpack_sharing_enabled":true,"_links":{"self":[{"href":"https:\/\/lecanardbienelevedumascane.com\/index.php\/wp-json\/wp\/v2\/pages\/581","targetHints":{"allow":["GET"]}}],"collection":[{"href":"https:\/\/lecanardbienelevedumascane.com\/index.php\/wp-json\/wp\/v2\/pages"}],"about":[{"href":"https:\/\/lecanardbienelevedumascane.com\/index.php\/wp-json\/wp\/v2\/types\/page"}],"author":[{"embeddable":true,"href":"https:\/\/lecanardbienelevedumascane.com\/index.php\/wp-json\/wp\/v2\/users\/1"}],"replies":[{"embeddable":true,"href":"https:\/\/lecanardbienelevedumascane.com\/index.php\/wp-json\/wp\/v2\/comments?post=581"}],"version-history":[{"count":71,"href":"https:\/\/lecanardbienelevedumascane.com\/index.php\/wp-json\/wp\/v2\/pages\/581\/revisions"}],"predecessor-version":[{"id":7264,"href":"https:\/\/lecanardbienelevedumascane.com\/index.php\/wp-json\/wp\/v2\/pages\/581\/revisions\/7264"}],"wp:attachment":[{"href":"https:\/\/lecanardbienelevedumascane.com\/index.php\/wp-json\/wp\/v2\/media?parent=581"}],"curies":[{"name":"wp","href":"https:\/\/api.w.org\/{rel}","templated":true}]}}