{"id":75,"date":"2019-08-21T09:52:22","date_gmt":"2019-08-21T07:52:22","guid":{"rendered":"http:\/\/lecanardbienelevedumascane.com\/?page_id=75"},"modified":"2025-09-11T21:46:06","modified_gmt":"2025-09-11T19:46:06","slug":"nos-casse-croutes","status":"publish","type":"page","link":"https:\/\/lecanardbienelevedumascane.com\/index.php\/nos-casse-croutes\/","title":{"rendered":"Nos casse-cro\u00fbtes : c&rsquo;est fini pour la saison 2025"},"content":{"rendered":"\n<figure class=\"wp-block-image size-large\"><img loading=\"lazy\" decoding=\"async\" width=\"768\" height=\"1024\" src=\"https:\/\/lecanardbienelevedumascane.com\/wp-content\/uploads\/2023\/07\/IMG20230628125227-768x1024.jpg\" alt=\"\" class=\"wp-image-6623\" srcset=\"https:\/\/lecanardbienelevedumascane.com\/wp-content\/uploads\/2023\/07\/IMG20230628125227-768x1024.jpg 768w, https:\/\/lecanardbienelevedumascane.com\/wp-content\/uploads\/2023\/07\/IMG20230628125227-225x300.jpg 225w, https:\/\/lecanardbienelevedumascane.com\/wp-content\/uploads\/2023\/07\/IMG20230628125227-1152x1536.jpg 1152w, https:\/\/lecanardbienelevedumascane.com\/wp-content\/uploads\/2023\/07\/IMG20230628125227-1536x2048.jpg 1536w, https:\/\/lecanardbienelevedumascane.com\/wp-content\/uploads\/2023\/07\/IMG20230628125227-416x555.jpg 416w, https:\/\/lecanardbienelevedumascane.com\/wp-content\/uploads\/2023\/07\/IMG20230628125227-scaled.jpg 1920w\" sizes=\"auto, (max-width: 768px) 100vw, 768px\" \/><\/figure>\n\n\n\n<p>Les casse-cro\u00fbtes \u00e0 la ferme se font sur r\u00e9servation et se d\u00e9roulent tous les mercredis midi durant les mois d&rsquo;\u00e9t\u00e9. Une visite de la ferme est organis\u00e9e avant le repas et vous permettra  de d\u00e9couvrir  ou re-d\u00e9couvrir les diff\u00e9rents aspects de notre beau  m\u00e9tier d&rsquo;\u00e9leveur. N&rsquo;h\u00e9sitez pas \u00e0 nous contacter au 04 68 39 49 76 pour  r\u00e9server car le nombre de places est limit\u00e9. Le RDV est fix\u00e9 \u00e0 11h45; prenez votre temps lorsque vous venez \u00e0 la ferme , pas de Rdv trop t\u00f4t l\u2019apr\u00e8s midi, car tout le monde tra\u00eene \u00e0 table&#8230;par plaisir <\/p>\n\n\n\n<figure class=\"wp-block-image size-large\"><img loading=\"lazy\" decoding=\"async\" width=\"768\" height=\"1024\" src=\"https:\/\/lecanardbienelevedumascane.com\/wp-content\/uploads\/2023\/07\/IMG20230712132421-768x1024.jpg\" alt=\"\" class=\"wp-image-6622\" srcset=\"https:\/\/lecanardbienelevedumascane.com\/wp-content\/uploads\/2023\/07\/IMG20230712132421-768x1024.jpg 768w, https:\/\/lecanardbienelevedumascane.com\/wp-content\/uploads\/2023\/07\/IMG20230712132421-225x300.jpg 225w, https:\/\/lecanardbienelevedumascane.com\/wp-content\/uploads\/2023\/07\/IMG20230712132421-1152x1536.jpg 1152w, https:\/\/lecanardbienelevedumascane.com\/wp-content\/uploads\/2023\/07\/IMG20230712132421-1536x2048.jpg 1536w, https:\/\/lecanardbienelevedumascane.com\/wp-content\/uploads\/2023\/07\/IMG20230712132421-416x555.jpg 416w, https:\/\/lecanardbienelevedumascane.com\/wp-content\/uploads\/2023\/07\/IMG20230712132421-scaled.jpg 1920w\" sizes=\"auto, (max-width: 768px) 100vw, 768px\" \/><\/figure>\n\n\n\n<figure class=\"wp-block-image size-full\"><img loading=\"lazy\" decoding=\"async\" width=\"712\" height=\"506\" src=\"https:\/\/lecanardbienelevedumascane.com\/wp-content\/uploads\/2023\/07\/IMG_20230712_111534.jpg\" alt=\"\" class=\"wp-image-6619\" srcset=\"https:\/\/lecanardbienelevedumascane.com\/wp-content\/uploads\/2023\/07\/IMG_20230712_111534.jpg 712w, https:\/\/lecanardbienelevedumascane.com\/wp-content\/uploads\/2023\/07\/IMG_20230712_111534-300x213.jpg 300w, https:\/\/lecanardbienelevedumascane.com\/wp-content\/uploads\/2023\/07\/IMG_20230712_111534-416x296.jpg 416w\" sizes=\"auto, (max-width: 712px) 100vw, 712px\" \/><\/figure>\n\n\n\n<figure class=\"wp-block-image size-large is-resized\"><img loading=\"lazy\" decoding=\"async\" width=\"768\" height=\"1024\" src=\"https:\/\/lecanardbienelevedumascane.com\/wp-content\/uploads\/2023\/07\/IMG20230712132426-768x1024.jpg\" alt=\"\" class=\"wp-image-6621\" style=\"width:345px;height:459px\" srcset=\"https:\/\/lecanardbienelevedumascane.com\/wp-content\/uploads\/2023\/07\/IMG20230712132426-768x1024.jpg 768w, https:\/\/lecanardbienelevedumascane.com\/wp-content\/uploads\/2023\/07\/IMG20230712132426-225x300.jpg 225w, https:\/\/lecanardbienelevedumascane.com\/wp-content\/uploads\/2023\/07\/IMG20230712132426-1152x1536.jpg 1152w, https:\/\/lecanardbienelevedumascane.com\/wp-content\/uploads\/2023\/07\/IMG20230712132426-1536x2048.jpg 1536w, https:\/\/lecanardbienelevedumascane.com\/wp-content\/uploads\/2023\/07\/IMG20230712132426-416x555.jpg 416w, https:\/\/lecanardbienelevedumascane.com\/wp-content\/uploads\/2023\/07\/IMG20230712132426-scaled.jpg 1920w\" sizes=\"auto, (max-width: 768px) 100vw, 768px\" \/><\/figure>\n\n\n","protected":false},"excerpt":{"rendered":"<p>Les casse-cro\u00fbtes \u00e0 la ferme se font sur r\u00e9servation et se d\u00e9roulent tous les mercredis midi durant les mois d&rsquo;\u00e9t\u00e9. Une visite de la ferme est organis\u00e9e avant le repas et vous permettra de d\u00e9couvrir ou re-d\u00e9couvrir les diff\u00e9rents aspects de notre beau m\u00e9tier d&rsquo;\u00e9leveur. N&rsquo;h\u00e9sitez pas \u00e0 nous contacter au 04 68 39 49 [&hellip;]<\/p>\n","protected":false},"author":1,"featured_media":0,"parent":0,"menu_order":0,"comment_status":"closed","ping_status":"closed","template":"","meta":{"footnotes":""},"class_list":["post-75","page","type-page","status-publish","hentry"],"jetpack_sharing_enabled":true,"_links":{"self":[{"href":"https:\/\/lecanardbienelevedumascane.com\/index.php\/wp-json\/wp\/v2\/pages\/75","targetHints":{"allow":["GET"]}}],"collection":[{"href":"https:\/\/lecanardbienelevedumascane.com\/index.php\/wp-json\/wp\/v2\/pages"}],"about":[{"href":"https:\/\/lecanardbienelevedumascane.com\/index.php\/wp-json\/wp\/v2\/types\/page"}],"author":[{"embeddable":true,"href":"https:\/\/lecanardbienelevedumascane.com\/index.php\/wp-json\/wp\/v2\/users\/1"}],"replies":[{"embeddable":true,"href":"https:\/\/lecanardbienelevedumascane.com\/index.php\/wp-json\/wp\/v2\/comments?post=75"}],"version-history":[{"count":24,"href":"https:\/\/lecanardbienelevedumascane.com\/index.php\/wp-json\/wp\/v2\/pages\/75\/revisions"}],"predecessor-version":[{"id":7180,"href":"https:\/\/lecanardbienelevedumascane.com\/index.php\/wp-json\/wp\/v2\/pages\/75\/revisions\/7180"}],"wp:attachment":[{"href":"https:\/\/lecanardbienelevedumascane.com\/index.php\/wp-json\/wp\/v2\/media?parent=75"}],"curies":[{"name":"wp","href":"https:\/\/api.w.org\/{rel}","templated":true}]}}