{"id":109,"date":"2019-08-21T14:52:15","date_gmt":"2019-08-21T12:52:15","guid":{"rendered":"http:\/\/lecanardbienelevedumascane.com\/?post_type=product&#038;p=109"},"modified":"2025-12-18T21:36:20","modified_gmt":"2025-12-18T20:36:20","slug":"terrine-de-canard-au-banyuls-et-foie-gras","status":"publish","type":"product","link":"https:\/\/lecanardbienelevedumascane.com\/index.php\/produit\/terrine-de-canard-au-banyuls-et-foie-gras\/","title":{"rendered":"Terrine de canard au Banyuls 200g"},"content":{"rendered":"<p>Ingr\u00e9dients : viande et foie gras de canard du Mas Can\u00e9 45%, porc, Banyuls 10 % (<strong>sulfites<\/strong>), <strong>\u0153ufs<\/strong>, <strong>cr\u00e8me fra\u00eeche<\/strong>, aromates, sel, poivre<\/p>\n<p>Cette terrine de canard est une r\u00e9ussite d&rsquo;\u00e9quilibre entre la saveur du Banyuls et la douceur du foie gras.<\/p>\n<p>Elle est\u00a0 tr\u00e8s aromatique\u00a0 et vous s\u00e9duira.<\/p>\n<p>Servir avec un Banyuls, en toasts ou en\u00a0 6 demi-lunes par exemple dans une assiette compos\u00e9e.<\/p>\n","protected":false},"excerpt":{"rendered":"<p>200 g<\/p>\n<p><strong>L&rsquo;histoire de cette recette<\/strong>: j&rsquo;\u00e9tais en formation agricole \u00e0 Rivesaltes, et j&rsquo;admirais mon prof de gestion, lui m\u00eame producteur d&rsquo;un excellent Banyuls qu&rsquo;il nous faisait d\u00e9guster; Nous avons ainsi cr\u00e9\u00e9 des mon installation agricole , notre d\u00e9licieuse terrine au Banyuls qui a un succ\u00e8s fou!<\/p>\n","protected":false},"featured_media":444,"template":"","meta":[],"product_brand":[],"product_cat":[19,21,34,20],"product_tag":[],"class_list":{"0":"post-109","1":"product","2":"type-product","3":"status-publish","4":"has-post-thumbnail","6":"product_cat-canard","7":"product_cat-foie-gras","8":"product_cat-gammefermiere","9":"product_cat-terrines","11":"first","12":"instock","13":"taxable","14":"shipping-taxable","15":"purchasable","16":"product-type-simple"},"jetpack_sharing_enabled":true,"_links":{"self":[{"href":"https:\/\/lecanardbienelevedumascane.com\/index.php\/wp-json\/wp\/v2\/product\/109","targetHints":{"allow":["GET"]}}],"collection":[{"href":"https:\/\/lecanardbienelevedumascane.com\/index.php\/wp-json\/wp\/v2\/product"}],"about":[{"href":"https:\/\/lecanardbienelevedumascane.com\/index.php\/wp-json\/wp\/v2\/types\/product"}],"wp:featuredmedia":[{"embeddable":true,"href":"https:\/\/lecanardbienelevedumascane.com\/index.php\/wp-json\/wp\/v2\/media\/444"}],"wp:attachment":[{"href":"https:\/\/lecanardbienelevedumascane.com\/index.php\/wp-json\/wp\/v2\/media?parent=109"}],"wp:term":[{"taxonomy":"product_brand","embeddable":true,"href":"https:\/\/lecanardbienelevedumascane.com\/index.php\/wp-json\/wp\/v2\/product_brand?post=109"},{"taxonomy":"product_cat","embeddable":true,"href":"https:\/\/lecanardbienelevedumascane.com\/index.php\/wp-json\/wp\/v2\/product_cat?post=109"},{"taxonomy":"product_tag","embeddable":true,"href":"https:\/\/lecanardbienelevedumascane.com\/index.php\/wp-json\/wp\/v2\/product_tag?post=109"}],"curies":[{"name":"wp","href":"https:\/\/api.w.org\/{rel}","templated":true}]}}