{"id":110,"date":"2019-08-21T14:53:27","date_gmt":"2019-08-21T12:53:27","guid":{"rendered":"http:\/\/lecanardbienelevedumascane.com\/?post_type=product&#038;p=110"},"modified":"2026-03-10T10:40:43","modified_gmt":"2026-03-10T09:40:43","slug":"terrine-de-canard-avec-50-de-foie-gras","status":"publish","type":"product","link":"https:\/\/lecanardbienelevedumascane.com\/index.php\/produit\/terrine-de-canard-avec-50-de-foie-gras\/","title":{"rendered":"Terrine de canard au foie gras 200g"},"content":{"rendered":"<p>Ingr\u00e9dients : viande et foie gras de canard du Mas Can\u00e9, porc,<strong> oeufs<\/strong>, <strong>cr\u00e8me fra\u00eeche<\/strong>, sel, poivre.<\/p>\n<p>Cette terrine procure un grand plaisir par ce mariage tr\u00e8s r\u00e9ussi entre viande et foie gras: moiti\u00e9 moiti\u00e9( mig mig en catalan).<\/p>\n<p>Fermet\u00e9, go\u00fbt prononc\u00e9,long en bouche, faites vous\u00a0 un grand plaisir.<\/p>\n<p>Accompagnez d&rsquo;un Banyuls rouge ou d&rsquo;un Maury&#8230;<\/p>\n","protected":false},"excerpt":{"rendered":"<p>200 g<\/p>\n","protected":false},"featured_media":449,"template":"","meta":[],"product_brand":[],"product_cat":[19,21,34,20],"product_tag":[],"class_list":{"0":"post-110","1":"product","2":"type-product","3":"status-publish","4":"has-post-thumbnail","6":"product_cat-canard","7":"product_cat-foie-gras","8":"product_cat-gammefermiere","9":"product_cat-terrines","11":"first","12":"instock","13":"taxable","14":"shipping-taxable","15":"purchasable","16":"product-type-simple"},"jetpack_sharing_enabled":true,"_links":{"self":[{"href":"https:\/\/lecanardbienelevedumascane.com\/index.php\/wp-json\/wp\/v2\/product\/110","targetHints":{"allow":["GET"]}}],"collection":[{"href":"https:\/\/lecanardbienelevedumascane.com\/index.php\/wp-json\/wp\/v2\/product"}],"about":[{"href":"https:\/\/lecanardbienelevedumascane.com\/index.php\/wp-json\/wp\/v2\/types\/product"}],"wp:featuredmedia":[{"embeddable":true,"href":"https:\/\/lecanardbienelevedumascane.com\/index.php\/wp-json\/wp\/v2\/media\/449"}],"wp:attachment":[{"href":"https:\/\/lecanardbienelevedumascane.com\/index.php\/wp-json\/wp\/v2\/media?parent=110"}],"wp:term":[{"taxonomy":"product_brand","embeddable":true,"href":"https:\/\/lecanardbienelevedumascane.com\/index.php\/wp-json\/wp\/v2\/product_brand?post=110"},{"taxonomy":"product_cat","embeddable":true,"href":"https:\/\/lecanardbienelevedumascane.com\/index.php\/wp-json\/wp\/v2\/product_cat?post=110"},{"taxonomy":"product_tag","embeddable":true,"href":"https:\/\/lecanardbienelevedumascane.com\/index.php\/wp-json\/wp\/v2\/product_tag?post=110"}],"curies":[{"name":"wp","href":"https:\/\/api.w.org\/{rel}","templated":true}]}}