{"id":572,"date":"2019-09-15T16:11:15","date_gmt":"2019-09-15T14:11:15","guid":{"rendered":"https:\/\/lecanardbienelevedumascane.com\/?post_type=product&#038;p=572"},"modified":"2026-04-06T11:40:12","modified_gmt":"2026-04-06T09:40:12","slug":"foie-gras-de-canard-entier-mi-cuit-250-g","status":"publish","type":"product","link":"https:\/\/lecanardbienelevedumascane.com\/index.php\/produit\/foie-gras-de-canard-entier-mi-cuit-250-g\/","title":{"rendered":"SVF \u00ab\u00a0mi-cuit\u00a0\u00bb 250g Foie gras entier de canard"},"content":{"rendered":"<p>Notre foie gras entier de canard r\u00e9v\u00e8le toute sa d\u00e9licatesse , gr\u00e2ce \u00e0 son assaisonnement simple: fleur de sel de Gu\u00e9rande et poivre blanc.<\/p>\n<p>Le ma\u00efs du sud ouest moulin\u00e9 utilis\u00e9 pour le gavage donne au foie gras souplesse et fermet\u00e9.<\/p>\n<p>La particularit\u00e9 de notre foie gras est une longue saveur en bouche , qui vous ravit durablement!<\/p>\n<p>Dans ce bocal de 250g, en comptant 50g par assiette, vous trancherez le foie dans le sens vertical, pour faire 5 belles tranches , ou plein de toasts&#8230;<\/p>\n<p>les \u00ab\u00a0mi-cuit\u00a0\u00bb se conservent au r\u00e9frig\u00e9rateur quelques mois!<\/p>\n","protected":false},"excerpt":{"rendered":"<p>250 g<\/p>\n","protected":false},"featured_media":7137,"template":"","meta":[],"product_brand":[],"product_cat":[19,22,35],"product_tag":[],"class_list":{"0":"post-572","1":"product","2":"type-product","3":"status-publish","4":"has-post-thumbnail","6":"product_cat-canard","7":"product_cat-foie-gras-mi-cuit","8":"product_cat-gammeartisanale","10":"first","11":"outofstock","12":"taxable","13":"shipping-taxable","14":"purchasable","15":"product-type-simple"},"jetpack_sharing_enabled":true,"_links":{"self":[{"href":"https:\/\/lecanardbienelevedumascane.com\/index.php\/wp-json\/wp\/v2\/product\/572","targetHints":{"allow":["GET"]}}],"collection":[{"href":"https:\/\/lecanardbienelevedumascane.com\/index.php\/wp-json\/wp\/v2\/product"}],"about":[{"href":"https:\/\/lecanardbienelevedumascane.com\/index.php\/wp-json\/wp\/v2\/types\/product"}],"wp:featuredmedia":[{"embeddable":true,"href":"https:\/\/lecanardbienelevedumascane.com\/index.php\/wp-json\/wp\/v2\/media\/7137"}],"wp:attachment":[{"href":"https:\/\/lecanardbienelevedumascane.com\/index.php\/wp-json\/wp\/v2\/media?parent=572"}],"wp:term":[{"taxonomy":"product_brand","embeddable":true,"href":"https:\/\/lecanardbienelevedumascane.com\/index.php\/wp-json\/wp\/v2\/product_brand?post=572"},{"taxonomy":"product_cat","embeddable":true,"href":"https:\/\/lecanardbienelevedumascane.com\/index.php\/wp-json\/wp\/v2\/product_cat?post=572"},{"taxonomy":"product_tag","embeddable":true,"href":"https:\/\/lecanardbienelevedumascane.com\/index.php\/wp-json\/wp\/v2\/product_tag?post=572"}],"curies":[{"name":"wp","href":"https:\/\/api.w.org\/{rel}","templated":true}]}}