{"id":575,"date":"2019-09-15T16:15:36","date_gmt":"2019-09-15T14:15:36","guid":{"rendered":"https:\/\/lecanardbienelevedumascane.com\/?post_type=product&#038;p=575"},"modified":"2025-12-18T21:40:45","modified_gmt":"2025-12-18T20:40:45","slug":"foie-gras-de-canard-entier-conserve-180-g","status":"publish","type":"product","link":"https:\/\/lecanardbienelevedumascane.com\/index.php\/produit\/foie-gras-de-canard-entier-conserve-180-g\/","title":{"rendered":"SVF \u00a0\u00bb en conserve\u00a0\u00bb 180 g Foie gras entier de canard"},"content":{"rendered":"<p>Notre foie gras entier de canard r\u00e9v\u00e8le toute sa d\u00e9licatesse , gr\u00e2ce \u00e0 son assaisonnement simple: fleur de sel de Gu\u00e9rande et poivre blanc.<\/p>\n<p>Le ma\u00efs du sud ouest moulin\u00e9 utilis\u00e9 pour le gavage donne au foie gras souplesse et fermet\u00e9.<\/p>\n<p>La particularit\u00e9 de notre foie gras est une longue saveur en bouche , qui vous ravit durablement!<\/p>\n<p>Dans ce bocal de 180g, en comptant 50g par assiette, vous\u00a0 ferez 3 \u00e0 4 portions en \u00ab\u00a0parts de tarte\u00a0\u00bb, ou plein de toasts&#8230;<\/p>\n<p>Les \u00ab\u00a0foies gras conserves\u00a0\u00bb se maintiennent \u00e0 temp\u00e9rature ambiante plusieurs ann\u00e9es! Leur cuisson est plus longue que les \u00ab\u00a0mi-cuit\u00a0\u00bb:\u00a0 leur saveur est accentu\u00e9e , ils font un peu plus de gras, que vous apr\u00e9cierez \u00e9galement, et sont plus fermes .<\/p>\n<p>Le muscat de Rivesaltes ou un Banyuls blanc se marient d\u00e9licieusement avec notre foie gras entier de canard mi-cuit! Tentez \u00e9galement un Rivesaltes Grenat.<\/p>\n","protected":false},"excerpt":{"rendered":"<p>180 g<\/p>\n","protected":false},"featured_media":7137,"template":"","meta":[],"product_brand":[],"product_cat":[19,23,35],"product_tag":[],"class_list":{"0":"post-575","1":"product","2":"type-product","3":"status-publish","4":"has-post-thumbnail","6":"product_cat-canard","7":"product_cat-foie-gras-conserve","8":"product_cat-gammeartisanale","10":"first","11":"instock","12":"taxable","13":"shipping-taxable","14":"purchasable","15":"product-type-simple"},"jetpack_sharing_enabled":true,"_links":{"self":[{"href":"https:\/\/lecanardbienelevedumascane.com\/index.php\/wp-json\/wp\/v2\/product\/575","targetHints":{"allow":["GET"]}}],"collection":[{"href":"https:\/\/lecanardbienelevedumascane.com\/index.php\/wp-json\/wp\/v2\/product"}],"about":[{"href":"https:\/\/lecanardbienelevedumascane.com\/index.php\/wp-json\/wp\/v2\/types\/product"}],"wp:featuredmedia":[{"embeddable":true,"href":"https:\/\/lecanardbienelevedumascane.com\/index.php\/wp-json\/wp\/v2\/media\/7137"}],"wp:attachment":[{"href":"https:\/\/lecanardbienelevedumascane.com\/index.php\/wp-json\/wp\/v2\/media?parent=575"}],"wp:term":[{"taxonomy":"product_brand","embeddable":true,"href":"https:\/\/lecanardbienelevedumascane.com\/index.php\/wp-json\/wp\/v2\/product_brand?post=575"},{"taxonomy":"product_cat","embeddable":true,"href":"https:\/\/lecanardbienelevedumascane.com\/index.php\/wp-json\/wp\/v2\/product_cat?post=575"},{"taxonomy":"product_tag","embeddable":true,"href":"https:\/\/lecanardbienelevedumascane.com\/index.php\/wp-json\/wp\/v2\/product_tag?post=575"}],"curies":[{"name":"wp","href":"https:\/\/api.w.org\/{rel}","templated":true}]}}