{"id":576,"date":"2019-09-15T16:18:17","date_gmt":"2019-09-15T14:18:17","guid":{"rendered":"https:\/\/lecanardbienelevedumascane.com\/?post_type=product&#038;p=576"},"modified":"2026-03-10T10:38:28","modified_gmt":"2026-03-10T09:38:28","slug":"2-cuisses-de-canard-confites","status":"publish","type":"product","link":"https:\/\/lecanardbienelevedumascane.com\/index.php\/produit\/2-cuisses-de-canard-confites\/","title":{"rendered":"2 Cuisses de canard confites"},"content":{"rendered":"<p>Le confit de canard : les morceaux de canard , ici 2 cuisses, sont mises au gros sel de Gu\u00e9rande , puis dessal\u00e9es et\u00a0 mijot\u00e9es un moment dans de la graisse de canard fondue.<\/p>\n<p>Il vous suffit de faire fondre au bain marie la graisse du bocal en totalit\u00e9, de sortir les cuisses d\u00e9licatement, et de les faire soit roussir au four(peau c\u00f4t\u00e9 gril) soit \u00e0 la po\u00eale( peau c\u00f4t\u00e9 chaleur).<\/p>\n<p>Le confit de canard s&rsquo;accompagne traditionnellement de pommes de terre saut\u00e9es \u00e0 la graisse de canard, de c\u00e8pes et d&rsquo;une belle salade craquante!<\/p>\n<p>Mais tout est permis: po\u00eal\u00e9e d&rsquo;haricots verts, gratin dauphinois, jardini\u00e8re de l\u00e9gumes de printemps&#8230;.<\/p>\n<p>servir avec un d\u00e9licieux C\u00f4tes du Roussillon<\/p>\n","protected":false},"excerpt":{"rendered":"<p>380 g<\/p>\n","protected":false},"featured_media":7137,"template":"","meta":[],"product_brand":[],"product_cat":[19,24,35],"product_tag":[],"class_list":{"0":"post-576","1":"product","2":"type-product","3":"status-publish","4":"has-post-thumbnail","6":"product_cat-canard","7":"product_cat-confits","8":"product_cat-gammeartisanale","10":"first","11":"instock","12":"taxable","13":"shipping-taxable","14":"purchasable","15":"product-type-simple"},"jetpack_sharing_enabled":true,"_links":{"self":[{"href":"https:\/\/lecanardbienelevedumascane.com\/index.php\/wp-json\/wp\/v2\/product\/576","targetHints":{"allow":["GET"]}}],"collection":[{"href":"https:\/\/lecanardbienelevedumascane.com\/index.php\/wp-json\/wp\/v2\/product"}],"about":[{"href":"https:\/\/lecanardbienelevedumascane.com\/index.php\/wp-json\/wp\/v2\/types\/product"}],"wp:featuredmedia":[{"embeddable":true,"href":"https:\/\/lecanardbienelevedumascane.com\/index.php\/wp-json\/wp\/v2\/media\/7137"}],"wp:attachment":[{"href":"https:\/\/lecanardbienelevedumascane.com\/index.php\/wp-json\/wp\/v2\/media?parent=576"}],"wp:term":[{"taxonomy":"product_brand","embeddable":true,"href":"https:\/\/lecanardbienelevedumascane.com\/index.php\/wp-json\/wp\/v2\/product_brand?post=576"},{"taxonomy":"product_cat","embeddable":true,"href":"https:\/\/lecanardbienelevedumascane.com\/index.php\/wp-json\/wp\/v2\/product_cat?post=576"},{"taxonomy":"product_tag","embeddable":true,"href":"https:\/\/lecanardbienelevedumascane.com\/index.php\/wp-json\/wp\/v2\/product_tag?post=576"}],"curies":[{"name":"wp","href":"https:\/\/api.w.org\/{rel}","templated":true}]}}