{"id":665,"date":"2019-09-18T19:27:39","date_gmt":"2019-09-18T17:27:39","guid":{"rendered":"https:\/\/lecanardbienelevedumascane.com\/?post_type=product&#038;p=665"},"modified":"2026-03-10T10:40:07","modified_gmt":"2026-03-10T09:40:07","slug":"salpiquet-de-mongetes-au-confit-de-canard-2","status":"publish","type":"product","link":"https:\/\/lecanardbienelevedumascane.com\/index.php\/produit\/salpiquet-de-mongetes-au-confit-de-canard-2\/","title":{"rendered":"Salpiquet de Mongetes au confit de canard 1,750kg 4 pers"},"content":{"rendered":"<p>Un plat cuisin\u00e9, de tradition catalane, avec 3 morceaux de viande par part, des haricots blancs lingots,une sauce avec de la tomate et un peu d&rsquo;ail.<\/p>\n<p>C&rsquo;est une recette de ma belle-m\u00e8re M\u00e9m\u00e9 Jeanne, revue par nous, en y ajoutant du canard confit, avec la boutifare (boudin de viande) et la saucisse catalane.<\/p>\n<p>Un voyage m\u00e9diterran\u00e9en ! accompagn\u00e9 d&rsquo;un C\u00f4tes du Roussillon rouge<\/p>\n<p>Dans ce format pour 4 personnes: 4 manchons de canard confits, 4 parts de saucisse et 4 parts de boutifare catalanes.\u00e0 r\u00e9chauffer au bain-marie, tenir au chaud au four, servir tr\u00e8s chaud: c&rsquo;est complet!<\/p>\n<p><strong>Cette recette\u00a0 d&rsquo;ici a \u00e9t\u00e9 fignol\u00e9e\u00a0 avec Me Eliane Thibault Comelade<\/strong><\/p>\n","protected":false},"excerpt":{"rendered":"<p>1,750 kg<\/p>\n","protected":false},"featured_media":429,"template":"","meta":[],"product_brand":[],"product_cat":[19,34,25],"product_tag":[],"class_list":{"0":"post-665","1":"product","2":"type-product","3":"status-publish","4":"has-post-thumbnail","6":"product_cat-canard","7":"product_cat-gammefermiere","8":"product_cat-plats-cusines","10":"first","11":"instock","12":"taxable","13":"shipping-taxable","14":"purchasable","15":"product-type-simple"},"jetpack_sharing_enabled":true,"_links":{"self":[{"href":"https:\/\/lecanardbienelevedumascane.com\/index.php\/wp-json\/wp\/v2\/product\/665","targetHints":{"allow":["GET"]}}],"collection":[{"href":"https:\/\/lecanardbienelevedumascane.com\/index.php\/wp-json\/wp\/v2\/product"}],"about":[{"href":"https:\/\/lecanardbienelevedumascane.com\/index.php\/wp-json\/wp\/v2\/types\/product"}],"wp:featuredmedia":[{"embeddable":true,"href":"https:\/\/lecanardbienelevedumascane.com\/index.php\/wp-json\/wp\/v2\/media\/429"}],"wp:attachment":[{"href":"https:\/\/lecanardbienelevedumascane.com\/index.php\/wp-json\/wp\/v2\/media?parent=665"}],"wp:term":[{"taxonomy":"product_brand","embeddable":true,"href":"https:\/\/lecanardbienelevedumascane.com\/index.php\/wp-json\/wp\/v2\/product_brand?post=665"},{"taxonomy":"product_cat","embeddable":true,"href":"https:\/\/lecanardbienelevedumascane.com\/index.php\/wp-json\/wp\/v2\/product_cat?post=665"},{"taxonomy":"product_tag","embeddable":true,"href":"https:\/\/lecanardbienelevedumascane.com\/index.php\/wp-json\/wp\/v2\/product_tag?post=665"}],"curies":[{"name":"wp","href":"https:\/\/api.w.org\/{rel}","templated":true}]}}