{"id":666,"date":"2019-09-18T19:30:47","date_gmt":"2019-09-18T17:30:47","guid":{"rendered":"https:\/\/lecanardbienelevedumascane.com\/?post_type=product&#038;p=666"},"modified":"2025-10-16T05:34:15","modified_gmt":"2025-10-16T03:34:15","slug":"2-cuisses-de-canard-dans-leur-gelee","status":"publish","type":"product","link":"https:\/\/lecanardbienelevedumascane.com\/index.php\/produit\/2-cuisses-de-canard-dans-leur-gelee\/","title":{"rendered":"2 Cuisses de canard dans leur gel\u00e9e 750g 2 pers"},"content":{"rendered":"<p>Deux cuisses de canard confites d\u00e9licatement revenues \u00e0 l&rsquo;huile d&rsquo;olive, elle sont accompagn\u00e9es d&rsquo;un bouquet de plantes aromatiques (basilic, aneth, ciboulette) et de leur gel\u00e9e de canard .<\/p>\n<p>A d\u00e9guster en accompagnement d&rsquo;une bonne salade, d&rsquo;un flan de l\u00e9gumes, de haricots frais &#8230;<\/p>\n<p>Servir un vin l\u00e9ger comme un ros\u00e9 traditionnel \u00ab\u00a0C\u00f4tes du Roussillon\u00a0\u00bb<\/p>\n","protected":false},"excerpt":{"rendered":"<p>750 g<\/p>\n<p><strong>L&rsquo;histoire de cette recette maison<\/strong>: lors de salons dans le nord de la France , \u00e0 Wasquehal, avec la ville d\u2019Am\u00e9lie les Bains, j&rsquo;ai d\u00e9couvert une recette typique \u00ab\u00a0le pootweesch\u00a0\u00bb, 3 viandes froides en gel\u00e9e servies avec des frites chaudes! et nous avons cr\u00e9e notre \u00ab\u00a0canard en gel\u00e9e\u00a0\u00bb : pour les \u00e9t\u00e9s si chauds du sud , \u00e0 marier avec les l\u00e9gumes d&rsquo;\u00e9t\u00e9 ou l&rsquo;hiver des frites chaudes!<\/p>\n","protected":false},"featured_media":7137,"template":"","meta":[],"product_brand":[],"product_cat":[19,35,25],"product_tag":[],"class_list":{"0":"post-666","1":"product","2":"type-product","3":"status-publish","4":"has-post-thumbnail","6":"product_cat-canard","7":"product_cat-gammeartisanale","8":"product_cat-plats-cusines","10":"first","11":"instock","12":"taxable","13":"shipping-taxable","14":"purchasable","15":"product-type-simple"},"jetpack_sharing_enabled":true,"_links":{"self":[{"href":"https:\/\/lecanardbienelevedumascane.com\/index.php\/wp-json\/wp\/v2\/product\/666","targetHints":{"allow":["GET"]}}],"collection":[{"href":"https:\/\/lecanardbienelevedumascane.com\/index.php\/wp-json\/wp\/v2\/product"}],"about":[{"href":"https:\/\/lecanardbienelevedumascane.com\/index.php\/wp-json\/wp\/v2\/types\/product"}],"wp:featuredmedia":[{"embeddable":true,"href":"https:\/\/lecanardbienelevedumascane.com\/index.php\/wp-json\/wp\/v2\/media\/7137"}],"wp:attachment":[{"href":"https:\/\/lecanardbienelevedumascane.com\/index.php\/wp-json\/wp\/v2\/media?parent=666"}],"wp:term":[{"taxonomy":"product_brand","embeddable":true,"href":"https:\/\/lecanardbienelevedumascane.com\/index.php\/wp-json\/wp\/v2\/product_brand?post=666"},{"taxonomy":"product_cat","embeddable":true,"href":"https:\/\/lecanardbienelevedumascane.com\/index.php\/wp-json\/wp\/v2\/product_cat?post=666"},{"taxonomy":"product_tag","embeddable":true,"href":"https:\/\/lecanardbienelevedumascane.com\/index.php\/wp-json\/wp\/v2\/product_tag?post=666"}],"curies":[{"name":"wp","href":"https:\/\/api.w.org\/{rel}","templated":true}]}}