{"id":667,"date":"2019-09-18T19:32:29","date_gmt":"2019-09-18T17:32:29","guid":{"rendered":"https:\/\/lecanardbienelevedumascane.com\/?post_type=product&#038;p=667"},"modified":"2026-04-06T11:39:14","modified_gmt":"2026-04-06T09:39:14","slug":"lentilles-au-confit-de-canard-2-cuisses","status":"publish","type":"product","link":"https:\/\/lecanardbienelevedumascane.com\/index.php\/produit\/lentilles-au-confit-de-canard-2-cuisses\/","title":{"rendered":"Lentilles au confit de canard (2 cuisses) 850g 2 pers"},"content":{"rendered":"<p>Une recette traditionnelle du grand sud-ouest : 2 cuisses de canard confites \u00e0 la graisse de canard, mijot\u00e9es dans la verrine avec des lentilles verteS.Une harmonie classique , et n\u00e9anmoins toujours d&rsquo;actualit\u00e9 : ces d\u00e9licieuses l\u00e9gumineuses se marient parfaitement avec le canard.<\/p>\n<p>Ce gros bocal rond, pour deux personnes avec un app\u00e9tit normal, et peut se partager \u00e0 4 pour de petits app\u00e9tits de viande, ou avec une jolie entr\u00e9e en d\u00e9but de repas.<\/p>\n<p>Un ros\u00e9 fruit\u00e9 accompagnera tr\u00e8s bien ce plat sur votre table.<\/p>\n<p>\u00e0 r\u00e9chauffer au bain -marie de pr\u00e9f\u00e9rence, pour ne pas ab\u00eemer les lentilles ni les beaux morceaux de viande.Tenir au chaud au four en attendant le moment de le servir tr\u00e8s chaud.<\/p>\n","protected":false},"excerpt":{"rendered":"<p>850 g<\/p>\n","protected":false},"featured_media":6890,"template":"","meta":[],"product_brand":[],"product_cat":[19,34,25],"product_tag":[],"class_list":{"0":"post-667","1":"product","2":"type-product","3":"status-publish","4":"has-post-thumbnail","6":"product_cat-canard","7":"product_cat-gammefermiere","8":"product_cat-plats-cusines","10":"first","11":"instock","12":"taxable","13":"shipping-taxable","14":"purchasable","15":"product-type-simple"},"jetpack_sharing_enabled":true,"_links":{"self":[{"href":"https:\/\/lecanardbienelevedumascane.com\/index.php\/wp-json\/wp\/v2\/product\/667","targetHints":{"allow":["GET"]}}],"collection":[{"href":"https:\/\/lecanardbienelevedumascane.com\/index.php\/wp-json\/wp\/v2\/product"}],"about":[{"href":"https:\/\/lecanardbienelevedumascane.com\/index.php\/wp-json\/wp\/v2\/types\/product"}],"wp:featuredmedia":[{"embeddable":true,"href":"https:\/\/lecanardbienelevedumascane.com\/index.php\/wp-json\/wp\/v2\/media\/6890"}],"wp:attachment":[{"href":"https:\/\/lecanardbienelevedumascane.com\/index.php\/wp-json\/wp\/v2\/media?parent=667"}],"wp:term":[{"taxonomy":"product_brand","embeddable":true,"href":"https:\/\/lecanardbienelevedumascane.com\/index.php\/wp-json\/wp\/v2\/product_brand?post=667"},{"taxonomy":"product_cat","embeddable":true,"href":"https:\/\/lecanardbienelevedumascane.com\/index.php\/wp-json\/wp\/v2\/product_cat?post=667"},{"taxonomy":"product_tag","embeddable":true,"href":"https:\/\/lecanardbienelevedumascane.com\/index.php\/wp-json\/wp\/v2\/product_tag?post=667"}],"curies":[{"name":"wp","href":"https:\/\/api.w.org\/{rel}","templated":true}]}}