{"id":671,"date":"2019-09-18T19:42:01","date_gmt":"2019-09-18T17:42:01","guid":{"rendered":"https:\/\/lecanardbienelevedumascane.com\/?post_type=product&#038;p=671"},"modified":"2026-04-06T11:38:49","modified_gmt":"2026-04-06T09:38:49","slug":"canard-aux-morilles-2-cuisses","status":"publish","type":"product","link":"https:\/\/lecanardbienelevedumascane.com\/index.php\/produit\/canard-aux-morilles-2-cuisses\/","title":{"rendered":"Canard aux morilles (2 cuisses) 850g 2 pers"},"content":{"rendered":"<p>Un petit plat\u00a0 pour les plus gourmands\/gourmets: 2 cuisses de canard confites, flamb\u00e9es au cognac, mijot\u00e9es dans la verrine avec de la cr\u00e8me fra\u00eeche et de belles morilles&#8230;<\/p>\n<p>Un\u00a0 r\u00e9el bonheur , cette recette cr\u00e9\u00e9e par mon \u00e9poux Gilbert .<\/p>\n<p>Elle ravira votre invit\u00e9 (e);\u00a0 Elle peut s&rsquo;accompagner de p\u00e2tes fra\u00eeches , de petites pommes de terre nouvelles (rates par exemples).<\/p>\n<p>La sauce peut se d\u00e9guster \u00e0 la cuill\u00e8re pour finir son assiette&#8230;.<\/p>\n<p>Un vin blanc bois\u00e9 se mariera merveilleusement\u00a0 avec ce plat.<\/p>\n<p>Pour 2 ou 4 personnes, selon l&rsquo;app\u00e9tit.<\/p>\n","protected":false},"excerpt":{"rendered":"<p>850 g<\/p>\n","protected":false},"featured_media":7137,"template":"","meta":[],"product_brand":[],"product_cat":[19,35,25],"product_tag":[],"class_list":{"0":"post-671","1":"product","2":"type-product","3":"status-publish","4":"has-post-thumbnail","6":"product_cat-canard","7":"product_cat-gammeartisanale","8":"product_cat-plats-cusines","10":"first","11":"instock","12":"taxable","13":"shipping-taxable","14":"purchasable","15":"product-type-simple"},"jetpack_sharing_enabled":true,"_links":{"self":[{"href":"https:\/\/lecanardbienelevedumascane.com\/index.php\/wp-json\/wp\/v2\/product\/671","targetHints":{"allow":["GET"]}}],"collection":[{"href":"https:\/\/lecanardbienelevedumascane.com\/index.php\/wp-json\/wp\/v2\/product"}],"about":[{"href":"https:\/\/lecanardbienelevedumascane.com\/index.php\/wp-json\/wp\/v2\/types\/product"}],"wp:featuredmedia":[{"embeddable":true,"href":"https:\/\/lecanardbienelevedumascane.com\/index.php\/wp-json\/wp\/v2\/media\/7137"}],"wp:attachment":[{"href":"https:\/\/lecanardbienelevedumascane.com\/index.php\/wp-json\/wp\/v2\/media?parent=671"}],"wp:term":[{"taxonomy":"product_brand","embeddable":true,"href":"https:\/\/lecanardbienelevedumascane.com\/index.php\/wp-json\/wp\/v2\/product_brand?post=671"},{"taxonomy":"product_cat","embeddable":true,"href":"https:\/\/lecanardbienelevedumascane.com\/index.php\/wp-json\/wp\/v2\/product_cat?post=671"},{"taxonomy":"product_tag","embeddable":true,"href":"https:\/\/lecanardbienelevedumascane.com\/index.php\/wp-json\/wp\/v2\/product_tag?post=671"}],"curies":[{"name":"wp","href":"https:\/\/api.w.org\/{rel}","templated":true}]}}