{"id":7081,"date":"2025-02-08T10:25:26","date_gmt":"2025-02-08T09:25:26","guid":{"rendered":"https:\/\/lecanardbienelevedumascane.com\/?post_type=product&#038;p=7081"},"modified":"2026-04-06T11:35:25","modified_gmt":"2026-04-06T09:35:25","slug":"foie-gras-entier-de-canard-mi-cuit-100-g-mas-cane","status":"publish","type":"product","link":"https:\/\/lecanardbienelevedumascane.com\/index.php\/produit\/foie-gras-entier-de-canard-mi-cuit-100-g-mas-cane\/","title":{"rendered":"Mas Can\u00e9 \u00ab\u00a0mi-cuit\u00a0\u00bb 100 g Foie gras entier de canard"},"content":{"rendered":"<p>Notre foie gras entier de canard r\u00e9v\u00e8le toute sa d\u00e9licatesse , gr\u00e2ce \u00e0 son assaisonnement simple: fleur de sel de Gu\u00e9rande et poivre blanc.<\/p>\n<p>Le ma\u00efs du sud ouest entier utilis\u00e9 pour le gavage donne au foie gras souplesse et fermet\u00e9.<\/p>\n<p>La particularit\u00e9 de notre foie gras est une longue saveur en bouche , qui vous ravit durablement!<\/p>\n<p>Dans ce bocal de 100g, en comptant 50g par assiette, vous\u00a0 d\u00e9couperez 2\u00a0 belles rondelles, ou plein de toasts.<\/p>\n<p>Les \u00ab\u00a0mi-cuit\u00a0\u00bb se conservent au r\u00e9frig\u00e9rateur quelques mois!<\/p>\n<p>Le muscat de Rivesaltes ou un Banyuls blanc se marient d\u00e9licieusement avec notre foie gras entier de canard mi-cuit!<\/p>\n","protected":false},"excerpt":{"rendered":"<p>100 g<\/p>\n","protected":false},"featured_media":412,"template":"","meta":[],"product_brand":[],"product_cat":[19,22,34],"product_tag":[],"class_list":{"0":"post-7081","1":"product","2":"type-product","3":"status-publish","4":"has-post-thumbnail","6":"product_cat-canard","7":"product_cat-foie-gras-mi-cuit","8":"product_cat-gammefermiere","10":"first","11":"instock","12":"featured","13":"taxable","14":"shipping-taxable","15":"purchasable","16":"product-type-simple"},"jetpack_sharing_enabled":true,"_links":{"self":[{"href":"https:\/\/lecanardbienelevedumascane.com\/index.php\/wp-json\/wp\/v2\/product\/7081","targetHints":{"allow":["GET"]}}],"collection":[{"href":"https:\/\/lecanardbienelevedumascane.com\/index.php\/wp-json\/wp\/v2\/product"}],"about":[{"href":"https:\/\/lecanardbienelevedumascane.com\/index.php\/wp-json\/wp\/v2\/types\/product"}],"wp:featuredmedia":[{"embeddable":true,"href":"https:\/\/lecanardbienelevedumascane.com\/index.php\/wp-json\/wp\/v2\/media\/412"}],"wp:attachment":[{"href":"https:\/\/lecanardbienelevedumascane.com\/index.php\/wp-json\/wp\/v2\/media?parent=7081"}],"wp:term":[{"taxonomy":"product_brand","embeddable":true,"href":"https:\/\/lecanardbienelevedumascane.com\/index.php\/wp-json\/wp\/v2\/product_brand?post=7081"},{"taxonomy":"product_cat","embeddable":true,"href":"https:\/\/lecanardbienelevedumascane.com\/index.php\/wp-json\/wp\/v2\/product_cat?post=7081"},{"taxonomy":"product_tag","embeddable":true,"href":"https:\/\/lecanardbienelevedumascane.com\/index.php\/wp-json\/wp\/v2\/product_tag?post=7081"}],"curies":[{"name":"wp","href":"https:\/\/api.w.org\/{rel}","templated":true}]}}