{"id":731,"date":"2019-09-30T15:48:16","date_gmt":"2019-09-30T13:48:16","guid":{"rendered":"https:\/\/lecanardbienelevedumascane.com\/?post_type=product&#038;p=731"},"modified":"2025-12-31T21:59:00","modified_gmt":"2025-12-31T20:59:00","slug":"graisse-de-canard","status":"publish","type":"product","link":"https:\/\/lecanardbienelevedumascane.com\/index.php\/produit\/graisse-de-canard\/","title":{"rendered":"Graisse de canard 300g"},"content":{"rendered":"<p>Uniquement de la graisse fondue de canard, tr\u00e8s appr\u00e9ci\u00e9e\u00a0 pour cuisiner vos pommes de terre saut\u00e9es, ajouter \u00e0 votre soupe de l\u00e9gumes, badigeonner un poulet fermier ou une cuisse de dinde, etc.<\/p>\n<p>Une fois le bocal ouvert, le garder au r\u00e9frig\u00e9rateur, durant plusieurs semaines.<\/p>\n<p>Ses qualit\u00e9s gustatives sont alli\u00e9es \u00e0 ses qualit\u00e9s pour votre sant\u00e9: la graisse de canard fait partie des \u00ab\u00a0bons \u00ab\u00a0gras. Et oui!<\/p>\n","protected":false},"excerpt":{"rendered":"<p>300 g<\/p>\n","protected":false},"featured_media":7137,"template":"","meta":[],"product_brand":[],"product_cat":[19,24,35],"product_tag":[],"class_list":{"0":"post-731","1":"product","2":"type-product","3":"status-publish","4":"has-post-thumbnail","6":"product_cat-canard","7":"product_cat-confits","8":"product_cat-gammeartisanale","10":"first","11":"instock","12":"taxable","13":"shipping-taxable","14":"purchasable","15":"product-type-simple"},"jetpack_sharing_enabled":true,"_links":{"self":[{"href":"https:\/\/lecanardbienelevedumascane.com\/index.php\/wp-json\/wp\/v2\/product\/731","targetHints":{"allow":["GET"]}}],"collection":[{"href":"https:\/\/lecanardbienelevedumascane.com\/index.php\/wp-json\/wp\/v2\/product"}],"about":[{"href":"https:\/\/lecanardbienelevedumascane.com\/index.php\/wp-json\/wp\/v2\/types\/product"}],"wp:featuredmedia":[{"embeddable":true,"href":"https:\/\/lecanardbienelevedumascane.com\/index.php\/wp-json\/wp\/v2\/media\/7137"}],"wp:attachment":[{"href":"https:\/\/lecanardbienelevedumascane.com\/index.php\/wp-json\/wp\/v2\/media?parent=731"}],"wp:term":[{"taxonomy":"product_brand","embeddable":true,"href":"https:\/\/lecanardbienelevedumascane.com\/index.php\/wp-json\/wp\/v2\/product_brand?post=731"},{"taxonomy":"product_cat","embeddable":true,"href":"https:\/\/lecanardbienelevedumascane.com\/index.php\/wp-json\/wp\/v2\/product_cat?post=731"},{"taxonomy":"product_tag","embeddable":true,"href":"https:\/\/lecanardbienelevedumascane.com\/index.php\/wp-json\/wp\/v2\/product_tag?post=731"}],"curies":[{"name":"wp","href":"https:\/\/api.w.org\/{rel}","templated":true}]}}