{"id":737,"date":"2019-09-30T15:45:44","date_gmt":"2019-09-30T13:45:44","guid":{"rendered":"https:\/\/lecanardbienelevedumascane.com\/?post_type=product&#038;p=737"},"modified":"2026-04-06T11:37:35","modified_gmt":"2026-04-06T09:37:35","slug":"chili-100-canard","status":"publish","type":"product","link":"https:\/\/lecanardbienelevedumascane.com\/index.php\/produit\/chili-100-canard\/","title":{"rendered":"Chili 100% canard 500g 1\/2 pers"},"content":{"rendered":"<p>Un plat cuisin\u00e9, 100% viande de canard, avec des haricots rouges et des poivrons; \u00e9pic\u00e9 sans trop.<\/p>\n<p>Il peut s&rsquo;accompagner avec un bon riz de Camargue, et un bon vin rouge cors\u00e9 comme un Collioure.<\/p>\n<p>Un voyage en Am\u00e9rique du sud!<\/p>\n<p>Pour un repas rapidement pr\u00eat, ou bien un jour de flemme, bien manger sans trop cuisiner : \u00e0 r\u00e9chauffer au bain-marie ou bien \u00e0 feu doux .<\/p>\n<p>Pour 1 ou 3 personnes selon les app\u00e9tits ou si vous avez pr\u00e9vu une entr\u00e9e ou le plat direct .<\/p>\n","protected":false},"excerpt":{"rendered":"<p>500 g<\/p>\n","protected":false},"featured_media":7137,"template":"","meta":[],"product_brand":[],"product_cat":[19,35,26],"product_tag":[],"class_list":{"0":"post-737","1":"product","2":"type-product","3":"status-publish","4":"has-post-thumbnail","6":"product_cat-canard","7":"product_cat-gammeartisanale","8":"product_cat-plats-cuisines-individuels","10":"first","11":"outofstock","12":"taxable","13":"shipping-taxable","14":"purchasable","15":"product-type-simple"},"jetpack_sharing_enabled":true,"_links":{"self":[{"href":"https:\/\/lecanardbienelevedumascane.com\/index.php\/wp-json\/wp\/v2\/product\/737","targetHints":{"allow":["GET"]}}],"collection":[{"href":"https:\/\/lecanardbienelevedumascane.com\/index.php\/wp-json\/wp\/v2\/product"}],"about":[{"href":"https:\/\/lecanardbienelevedumascane.com\/index.php\/wp-json\/wp\/v2\/types\/product"}],"wp:featuredmedia":[{"embeddable":true,"href":"https:\/\/lecanardbienelevedumascane.com\/index.php\/wp-json\/wp\/v2\/media\/7137"}],"wp:attachment":[{"href":"https:\/\/lecanardbienelevedumascane.com\/index.php\/wp-json\/wp\/v2\/media?parent=737"}],"wp:term":[{"taxonomy":"product_brand","embeddable":true,"href":"https:\/\/lecanardbienelevedumascane.com\/index.php\/wp-json\/wp\/v2\/product_brand?post=737"},{"taxonomy":"product_cat","embeddable":true,"href":"https:\/\/lecanardbienelevedumascane.com\/index.php\/wp-json\/wp\/v2\/product_cat?post=737"},{"taxonomy":"product_tag","embeddable":true,"href":"https:\/\/lecanardbienelevedumascane.com\/index.php\/wp-json\/wp\/v2\/product_tag?post=737"}],"curies":[{"name":"wp","href":"https:\/\/api.w.org\/{rel}","templated":true}]}}