{"id":742,"date":"2019-09-21T16:40:11","date_gmt":"2019-09-21T14:40:11","guid":{"rendered":"https:\/\/lecanardbienelevedumascane.com\/?post_type=product&#038;p=742"},"modified":"2026-04-06T11:46:23","modified_gmt":"2026-04-06T09:46:23","slug":"creme-de-foie-60-de-foie-gras","status":"publish","type":"product","link":"https:\/\/lecanardbienelevedumascane.com\/index.php\/produit\/creme-de-foie-60-de-foie-gras\/","title":{"rendered":"Cr\u00e8me de foie (60% de foie gras) 140g"},"content":{"rendered":"<p>Cette cr\u00e8me de foie se d\u00e9guste sur des toasts ou de belles tartines , pour un ap\u00e9ritif, une entr\u00e9e, ou un pique-nique raffin\u00e9!<\/p>\n<p>Sa douceur , son moelleux, plaisent aussi beaucoup aux enfants pour leur go\u00fbter&#8230;<\/p>\n<p>Un pain au s\u00e9same\u00a0 grill\u00e9 renforcera sa saveur.<\/p>\n<p>Un vin doux naturel plaira aux amateurs de beaux accords.<\/p>\n<p>Pour se faire plaisir tr\u00e8s souvent&#8230;<\/p>\n<p>&nbsp;<\/p>\n","protected":false},"excerpt":{"rendered":"<p>140 g<\/p>\n","protected":false},"featured_media":7137,"template":"","meta":[],"product_brand":[],"product_cat":[19,21,35],"product_tag":[],"class_list":{"0":"post-742","1":"product","2":"type-product","3":"status-publish","4":"has-post-thumbnail","6":"product_cat-canard","7":"product_cat-foie-gras","8":"product_cat-gammeartisanale","10":"first","11":"instock","12":"taxable","13":"shipping-taxable","14":"purchasable","15":"product-type-simple"},"jetpack_sharing_enabled":true,"_links":{"self":[{"href":"https:\/\/lecanardbienelevedumascane.com\/index.php\/wp-json\/wp\/v2\/product\/742","targetHints":{"allow":["GET"]}}],"collection":[{"href":"https:\/\/lecanardbienelevedumascane.com\/index.php\/wp-json\/wp\/v2\/product"}],"about":[{"href":"https:\/\/lecanardbienelevedumascane.com\/index.php\/wp-json\/wp\/v2\/types\/product"}],"wp:featuredmedia":[{"embeddable":true,"href":"https:\/\/lecanardbienelevedumascane.com\/index.php\/wp-json\/wp\/v2\/media\/7137"}],"wp:attachment":[{"href":"https:\/\/lecanardbienelevedumascane.com\/index.php\/wp-json\/wp\/v2\/media?parent=742"}],"wp:term":[{"taxonomy":"product_brand","embeddable":true,"href":"https:\/\/lecanardbienelevedumascane.com\/index.php\/wp-json\/wp\/v2\/product_brand?post=742"},{"taxonomy":"product_cat","embeddable":true,"href":"https:\/\/lecanardbienelevedumascane.com\/index.php\/wp-json\/wp\/v2\/product_cat?post=742"},{"taxonomy":"product_tag","embeddable":true,"href":"https:\/\/lecanardbienelevedumascane.com\/index.php\/wp-json\/wp\/v2\/product_tag?post=742"}],"curies":[{"name":"wp","href":"https:\/\/api.w.org\/{rel}","templated":true}]}}