{"id":746,"date":"2019-09-21T16:57:28","date_gmt":"2019-09-21T14:57:28","guid":{"rendered":"https:\/\/lecanardbienelevedumascane.com\/?post_type=product&#038;p=746"},"modified":"2026-03-10T10:48:47","modified_gmt":"2026-03-10T09:48:47","slug":"cou-farci-au-foie-gras-30-foie-gras","status":"publish","type":"product","link":"https:\/\/lecanardbienelevedumascane.com\/index.php\/produit\/cou-farci-au-foie-gras-30-foie-gras\/","title":{"rendered":"Cou farci au foie gras (30% foie gras) 220g"},"content":{"rendered":"<p>Ingr\u00e9dients : morceaux de foie gras du Mas Can\u00e9 30%, viande et cou de canard du Mas Can\u00e9 25%, porc, <strong>oeufs<\/strong>, <strong>cr\u00e8me fra\u00eeche<\/strong>, sel, poivre<\/p>\n<p>Cette recette sensationnelle , ravira les plus gourmands : la farce de viande\u00a0 avec beaucoup de foie gras, cuite dans la peau du cou donne un go\u00fbt inimitable! \u00e0 la fois subtil et puissant! un grand bonheur.*<\/p>\n<p>C&rsquo;est aussi un tr\u00e8s joli cadeau \u00e0 faire pour faire d\u00e9couvrir cette recette et l&rsquo;accompagner d&rsquo;un muscat de Rivesaltes.<\/p>\n<p>En entr\u00e9e ou comme viande avec une belle salade croquante, ou bien aussi\u00a0 dans une assiette gourmande avec toasts de foie gras et g\u00e9siers confits&#8230;<\/p>\n","protected":false},"excerpt":{"rendered":"<p>250 g<\/p>\n","protected":false},"featured_media":450,"template":"","meta":[],"product_brand":[],"product_cat":[19,21,34],"product_tag":[],"class_list":{"0":"post-746","1":"product","2":"type-product","3":"status-publish","4":"has-post-thumbnail","6":"product_cat-canard","7":"product_cat-foie-gras","8":"product_cat-gammefermiere","10":"first","11":"outofstock","12":"taxable","13":"shipping-taxable","14":"purchasable","15":"product-type-simple"},"jetpack_sharing_enabled":true,"_links":{"self":[{"href":"https:\/\/lecanardbienelevedumascane.com\/index.php\/wp-json\/wp\/v2\/product\/746","targetHints":{"allow":["GET"]}}],"collection":[{"href":"https:\/\/lecanardbienelevedumascane.com\/index.php\/wp-json\/wp\/v2\/product"}],"about":[{"href":"https:\/\/lecanardbienelevedumascane.com\/index.php\/wp-json\/wp\/v2\/types\/product"}],"wp:featuredmedia":[{"embeddable":true,"href":"https:\/\/lecanardbienelevedumascane.com\/index.php\/wp-json\/wp\/v2\/media\/450"}],"wp:attachment":[{"href":"https:\/\/lecanardbienelevedumascane.com\/index.php\/wp-json\/wp\/v2\/media?parent=746"}],"wp:term":[{"taxonomy":"product_brand","embeddable":true,"href":"https:\/\/lecanardbienelevedumascane.com\/index.php\/wp-json\/wp\/v2\/product_brand?post=746"},{"taxonomy":"product_cat","embeddable":true,"href":"https:\/\/lecanardbienelevedumascane.com\/index.php\/wp-json\/wp\/v2\/product_cat?post=746"},{"taxonomy":"product_tag","embeddable":true,"href":"https:\/\/lecanardbienelevedumascane.com\/index.php\/wp-json\/wp\/v2\/product_tag?post=746"}],"curies":[{"name":"wp","href":"https:\/\/api.w.org\/{rel}","templated":true}]}}