{"id":750,"date":"2019-09-21T17:04:13","date_gmt":"2019-09-21T15:04:13","guid":{"rendered":"https:\/\/lecanardbienelevedumascane.com\/?post_type=product&#038;p=750"},"modified":"2025-12-31T22:00:26","modified_gmt":"2025-12-31T21:00:26","slug":"assortiment-de-5-terrines-de-130-g","status":"publish","type":"product","link":"https:\/\/lecanardbienelevedumascane.com\/index.php\/produit\/assortiment-de-5-terrines-de-130-g\/","title":{"rendered":"Assortiment de 5 terrines de canard et volailles en 130 g"},"content":{"rendered":"<p>Cet assortiment de 5 terrines de canard , vous permettra de d\u00e9couvrir nos diff\u00e9rentes pr\u00e9parations:<\/p>\n<p>G\u00e9n\u00e9ralement : une rillettes pur canard, une terrine de canard au Banyuls, une autre au poivre vert, une terrine de canard au romarin, une autre au Byrrh.<\/p>\n<p>Il arrive en fin de stock que l&rsquo;on fasse d&rsquo;autres assortiments, parfois avec des terrines de nos autres volailles..<\/p>\n<p>Pour vos ap\u00e9ritifs, vos cadeaux, vos piques-niques: \u00e0 coup s\u00fbr un grand plaisir \u00e0 partager&#8230;<\/p>\n<p>&nbsp;<\/p>\n","protected":false},"excerpt":{"rendered":"<p>650 g<\/p>\n","protected":false},"featured_media":454,"template":"","meta":[],"product_brand":[],"product_cat":[19,34,20],"product_tag":[],"class_list":{"0":"post-750","1":"product","2":"type-product","3":"status-publish","4":"has-post-thumbnail","6":"product_cat-canard","7":"product_cat-gammefermiere","8":"product_cat-terrines","10":"first","11":"outofstock","12":"taxable","13":"shipping-taxable","14":"purchasable","15":"product-type-simple"},"jetpack_sharing_enabled":true,"_links":{"self":[{"href":"https:\/\/lecanardbienelevedumascane.com\/index.php\/wp-json\/wp\/v2\/product\/750","targetHints":{"allow":["GET"]}}],"collection":[{"href":"https:\/\/lecanardbienelevedumascane.com\/index.php\/wp-json\/wp\/v2\/product"}],"about":[{"href":"https:\/\/lecanardbienelevedumascane.com\/index.php\/wp-json\/wp\/v2\/types\/product"}],"wp:featuredmedia":[{"embeddable":true,"href":"https:\/\/lecanardbienelevedumascane.com\/index.php\/wp-json\/wp\/v2\/media\/454"}],"wp:attachment":[{"href":"https:\/\/lecanardbienelevedumascane.com\/index.php\/wp-json\/wp\/v2\/media?parent=750"}],"wp:term":[{"taxonomy":"product_brand","embeddable":true,"href":"https:\/\/lecanardbienelevedumascane.com\/index.php\/wp-json\/wp\/v2\/product_brand?post=750"},{"taxonomy":"product_cat","embeddable":true,"href":"https:\/\/lecanardbienelevedumascane.com\/index.php\/wp-json\/wp\/v2\/product_cat?post=750"},{"taxonomy":"product_tag","embeddable":true,"href":"https:\/\/lecanardbienelevedumascane.com\/index.php\/wp-json\/wp\/v2\/product_tag?post=750"}],"curies":[{"name":"wp","href":"https:\/\/api.w.org\/{rel}","templated":true}]}}