{"id":752,"date":"2019-09-30T15:42:25","date_gmt":"2019-09-30T13:42:25","guid":{"rendered":"https:\/\/lecanardbienelevedumascane.com\/?post_type=product&#038;p=752"},"modified":"2026-04-06T11:38:05","modified_gmt":"2026-04-06T09:38:05","slug":"effiloche-100-canard-pour-parmentier","status":"publish","type":"product","link":"https:\/\/lecanardbienelevedumascane.com\/index.php\/produit\/effiloche-100-canard-pour-parmentier\/","title":{"rendered":"Effiloch\u00e9 100% canard pour \u00ab\u00a0parmentier\u00a0\u00bb 400g"},"content":{"rendered":"<p>Notre pr\u00e9paration ravira nos clients cuisiniers: ils apporteront leur touche originale \u00e0 leur parmentier de canard.<\/p>\n<p>Nous sugg\u00e9rons de faire l\u00e9g\u00e8rement roussir \u00e0 la po\u00eale l&rsquo;effiloch\u00e9, de cuire les pommes de terre( ou patate douce, ou tout autre l\u00e9gume de votre choix); puis de les \u00e9craser \u00e0 la fourchette avec un peu d&rsquo;huile d&rsquo;olives ,\u00a0 avant de de recouvrir la viande rissol\u00e9e ( des petits oignons revenus, du vin blanc&#8230;) et de gratiner le tout au four.<\/p>\n<p>Le bocal de 400 g peut faire 3 ou 4 jolies portions de parmentier maison!<\/p>\n<p>Un vin rouge C\u00f4tes du Roussillon Villages pourrait \u00eatre parfait pour l&rsquo;accompagner.<\/p>\n<p>&nbsp;<\/p>\n","protected":false},"excerpt":{"rendered":"<p>400 g<\/p>\n","protected":false},"featured_media":7137,"template":"","meta":[],"product_brand":[],"product_cat":[19,35,25],"product_tag":[],"class_list":{"0":"post-752","1":"product","2":"type-product","3":"status-publish","4":"has-post-thumbnail","6":"product_cat-canard","7":"product_cat-gammeartisanale","8":"product_cat-plats-cusines","10":"first","11":"instock","12":"taxable","13":"shipping-taxable","14":"purchasable","15":"product-type-simple"},"jetpack_sharing_enabled":true,"_links":{"self":[{"href":"https:\/\/lecanardbienelevedumascane.com\/index.php\/wp-json\/wp\/v2\/product\/752","targetHints":{"allow":["GET"]}}],"collection":[{"href":"https:\/\/lecanardbienelevedumascane.com\/index.php\/wp-json\/wp\/v2\/product"}],"about":[{"href":"https:\/\/lecanardbienelevedumascane.com\/index.php\/wp-json\/wp\/v2\/types\/product"}],"wp:featuredmedia":[{"embeddable":true,"href":"https:\/\/lecanardbienelevedumascane.com\/index.php\/wp-json\/wp\/v2\/media\/7137"}],"wp:attachment":[{"href":"https:\/\/lecanardbienelevedumascane.com\/index.php\/wp-json\/wp\/v2\/media?parent=752"}],"wp:term":[{"taxonomy":"product_brand","embeddable":true,"href":"https:\/\/lecanardbienelevedumascane.com\/index.php\/wp-json\/wp\/v2\/product_brand?post=752"},{"taxonomy":"product_cat","embeddable":true,"href":"https:\/\/lecanardbienelevedumascane.com\/index.php\/wp-json\/wp\/v2\/product_cat?post=752"},{"taxonomy":"product_tag","embeddable":true,"href":"https:\/\/lecanardbienelevedumascane.com\/index.php\/wp-json\/wp\/v2\/product_tag?post=752"}],"curies":[{"name":"wp","href":"https:\/\/api.w.org\/{rel}","templated":true}]}}