{"id":753,"date":"2019-09-30T15:41:12","date_gmt":"2019-09-30T13:41:12","guid":{"rendered":"https:\/\/lecanardbienelevedumascane.com\/?post_type=product&#038;p=753"},"modified":"2026-04-06T11:42:44","modified_gmt":"2026-04-06T09:42:44","slug":"effiloche-100-canard-en-gelee","status":"publish","type":"product","link":"https:\/\/lecanardbienelevedumascane.com\/index.php\/produit\/effiloche-100-canard-en-gelee\/","title":{"rendered":"Effiloch\u00e9 100% poulet \/parmentier 400g"},"content":{"rendered":"<p>Cet effiloch\u00e9 de poulet , a \u00e9t\u00e9 cr\u00e9e pour vos parmentiers 100% volailles!<br \/>\nVous pouvez l&rsquo;agr\u00e9menter d&rsquo;oignons doux revenus dans un peu de graisse de canard, avant de le faire gratiner au four!<\/p>\n<p>Vous pouvez aussi faire des cannellonis ou des samousa de poulet ou de canard! <\/p>\n<p>Un ros\u00e9 bien frais vous transportera en vacances o\u00f9 que vous soyiez.<\/p>\n<p>Ce pot peut permettre de servir\u00a0 4 \u00e0 6 personnes.<\/p>\n","protected":false},"excerpt":{"rendered":"<p>400 g<\/p>\n","protected":false},"featured_media":6890,"template":"","meta":[],"product_brand":[],"product_cat":[34,25,27],"product_tag":[],"class_list":{"0":"post-753","1":"product","2":"type-product","3":"status-publish","4":"has-post-thumbnail","6":"product_cat-gammefermiere","7":"product_cat-plats-cusines","8":"product_cat-poulet","10":"first","11":"instock","12":"taxable","13":"shipping-taxable","14":"purchasable","15":"product-type-simple"},"jetpack_sharing_enabled":true,"_links":{"self":[{"href":"https:\/\/lecanardbienelevedumascane.com\/index.php\/wp-json\/wp\/v2\/product\/753","targetHints":{"allow":["GET"]}}],"collection":[{"href":"https:\/\/lecanardbienelevedumascane.com\/index.php\/wp-json\/wp\/v2\/product"}],"about":[{"href":"https:\/\/lecanardbienelevedumascane.com\/index.php\/wp-json\/wp\/v2\/types\/product"}],"wp:featuredmedia":[{"embeddable":true,"href":"https:\/\/lecanardbienelevedumascane.com\/index.php\/wp-json\/wp\/v2\/media\/6890"}],"wp:attachment":[{"href":"https:\/\/lecanardbienelevedumascane.com\/index.php\/wp-json\/wp\/v2\/media?parent=753"}],"wp:term":[{"taxonomy":"product_brand","embeddable":true,"href":"https:\/\/lecanardbienelevedumascane.com\/index.php\/wp-json\/wp\/v2\/product_brand?post=753"},{"taxonomy":"product_cat","embeddable":true,"href":"https:\/\/lecanardbienelevedumascane.com\/index.php\/wp-json\/wp\/v2\/product_cat?post=753"},{"taxonomy":"product_tag","embeddable":true,"href":"https:\/\/lecanardbienelevedumascane.com\/index.php\/wp-json\/wp\/v2\/product_tag?post=753"}],"curies":[{"name":"wp","href":"https:\/\/api.w.org\/{rel}","templated":true}]}}