{"id":755,"date":"2019-09-30T15:40:49","date_gmt":"2019-09-30T13:40:49","guid":{"rendered":"https:\/\/lecanardbienelevedumascane.com\/?post_type=product&#038;p=755"},"modified":"2025-09-29T21:52:24","modified_gmt":"2025-09-29T19:52:24","slug":"rillettes-100-poulet-au-safran","status":"publish","type":"product","link":"https:\/\/lecanardbienelevedumascane.com\/index.php\/produit\/rillettes-100-poulet-au-safran\/","title":{"rendered":"Rillettes 100% poulet au safran 200g"},"content":{"rendered":"<p>Ingr\u00e9dients : viande de poulet du Mas Can\u00e9, bouillon de volaille du Mas Can\u00e9, graisse de canard du Mas Can\u00e9, sel, poivre, safran 0,12 %<\/p>\n<p>Une de nos 3 rillettes sensationnelles : 100% viande de poulet, fondante avec la graisse de canard, et si parfum\u00e9e avec le safran d&rsquo;ici ..<\/p>\n<p>Une merveilleuse r\u00e9ussite pour les amoureux de safran: \u00e0 d\u00e9guster \u00e0 temp\u00e9rature ambiante, le safran est encore plus pr\u00e9sent&#8230;<\/p>\n<p>un c\u00f4tes du Roussillon ros\u00e9 bien frais l&rsquo;accompagnera parfaitement; sur une tranche de pain de campagne dor\u00e9e.<\/p>\n","protected":false},"excerpt":{"rendered":"<p>200 g<\/p>\n","protected":false},"featured_media":5512,"template":"","meta":[],"product_brand":[],"product_cat":[34,27,18,20],"product_tag":[],"class_list":{"0":"post-755","1":"product","2":"type-product","3":"status-publish","4":"has-post-thumbnail","6":"product_cat-gammefermiere","7":"product_cat-poulet","8":"product_cat-rillettes","9":"product_cat-terrines","11":"first","12":"instock","13":"taxable","14":"shipping-taxable","15":"purchasable","16":"product-type-simple"},"jetpack_sharing_enabled":true,"_links":{"self":[{"href":"https:\/\/lecanardbienelevedumascane.com\/index.php\/wp-json\/wp\/v2\/product\/755","targetHints":{"allow":["GET"]}}],"collection":[{"href":"https:\/\/lecanardbienelevedumascane.com\/index.php\/wp-json\/wp\/v2\/product"}],"about":[{"href":"https:\/\/lecanardbienelevedumascane.com\/index.php\/wp-json\/wp\/v2\/types\/product"}],"wp:featuredmedia":[{"embeddable":true,"href":"https:\/\/lecanardbienelevedumascane.com\/index.php\/wp-json\/wp\/v2\/media\/5512"}],"wp:attachment":[{"href":"https:\/\/lecanardbienelevedumascane.com\/index.php\/wp-json\/wp\/v2\/media?parent=755"}],"wp:term":[{"taxonomy":"product_brand","embeddable":true,"href":"https:\/\/lecanardbienelevedumascane.com\/index.php\/wp-json\/wp\/v2\/product_brand?post=755"},{"taxonomy":"product_cat","embeddable":true,"href":"https:\/\/lecanardbienelevedumascane.com\/index.php\/wp-json\/wp\/v2\/product_cat?post=755"},{"taxonomy":"product_tag","embeddable":true,"href":"https:\/\/lecanardbienelevedumascane.com\/index.php\/wp-json\/wp\/v2\/product_tag?post=755"}],"curies":[{"name":"wp","href":"https:\/\/api.w.org\/{rel}","templated":true}]}}