{"id":756,"date":"2019-09-30T15:40:16","date_gmt":"2019-09-30T13:40:16","guid":{"rendered":"https:\/\/lecanardbienelevedumascane.com\/?post_type=product&#038;p=756"},"modified":"2026-04-06T11:42:55","modified_gmt":"2026-04-06T09:42:55","slug":"rillettes-100-dinde-a-la-feve-tonka-et-au-miel","status":"publish","type":"product","link":"https:\/\/lecanardbienelevedumascane.com\/index.php\/produit\/rillettes-100-dinde-a-la-feve-tonka-et-au-miel\/","title":{"rendered":"Rillettes 100% dinde \u00e0 la f\u00e8ve tonka et au miel 200g"},"content":{"rendered":"<p>Ingr\u00e9dients : viande de dinde du Mas Can\u00e9, bouillon de volaille du Mas Can\u00e9, graisse de canard du Mas Can\u00e9, miel, sel, poivre, poivre \u00e0 queue, f\u00e8ve tonka 0,01 %<\/p>\n<p>\u00c9tonnamment , le mariage avec un champagne nous a enchant\u00e9!<\/p>\n<p>Cette rillette est \u00e0 fois : originale, savoureuse, et d\u00e9licate&#8230; \u00e0 d\u00e9couvrir absolument.<\/p>\n","protected":false},"excerpt":{"rendered":"<p>200 g<\/p>\n<p><strong>L&rsquo;histoire de cette recette<\/strong>: la conjugaison des qualit\u00e9s des 3 femmes de la maisonn\u00e9e; Eve la conserveuse, Aurore la p\u00e2tissi\u00e8re, Claude la gourmande cr\u00e9atrice<\/p>\n","protected":false},"featured_media":1523,"template":"","meta":[],"product_brand":[],"product_cat":[28,34,18,20],"product_tag":[],"class_list":{"0":"post-756","1":"product","2":"type-product","3":"status-publish","4":"has-post-thumbnail","6":"product_cat-dinde","7":"product_cat-gammefermiere","8":"product_cat-rillettes","9":"product_cat-terrines","11":"first","12":"instock","13":"taxable","14":"shipping-taxable","15":"purchasable","16":"product-type-simple"},"jetpack_sharing_enabled":true,"_links":{"self":[{"href":"https:\/\/lecanardbienelevedumascane.com\/index.php\/wp-json\/wp\/v2\/product\/756","targetHints":{"allow":["GET"]}}],"collection":[{"href":"https:\/\/lecanardbienelevedumascane.com\/index.php\/wp-json\/wp\/v2\/product"}],"about":[{"href":"https:\/\/lecanardbienelevedumascane.com\/index.php\/wp-json\/wp\/v2\/types\/product"}],"wp:featuredmedia":[{"embeddable":true,"href":"https:\/\/lecanardbienelevedumascane.com\/index.php\/wp-json\/wp\/v2\/media\/1523"}],"wp:attachment":[{"href":"https:\/\/lecanardbienelevedumascane.com\/index.php\/wp-json\/wp\/v2\/media?parent=756"}],"wp:term":[{"taxonomy":"product_brand","embeddable":true,"href":"https:\/\/lecanardbienelevedumascane.com\/index.php\/wp-json\/wp\/v2\/product_brand?post=756"},{"taxonomy":"product_cat","embeddable":true,"href":"https:\/\/lecanardbienelevedumascane.com\/index.php\/wp-json\/wp\/v2\/product_cat?post=756"},{"taxonomy":"product_tag","embeddable":true,"href":"https:\/\/lecanardbienelevedumascane.com\/index.php\/wp-json\/wp\/v2\/product_tag?post=756"}],"curies":[{"name":"wp","href":"https:\/\/api.w.org\/{rel}","templated":true}]}}